{"id":1131,"date":"2025-02-07T08:04:23","date_gmt":"2025-02-07T08:04:23","guid":{"rendered":"https:\/\/erkkimelartin.fi\/em\/?page_id=1131"},"modified":"2025-02-16T23:42:20","modified_gmt":"2025-02-16T23:42:20","slug":"melartin-juhlavuoden-kuvia","status":"publish","type":"page","link":"https:\/\/erkkimelartin.fi\/em\/?page_id=1131","title":{"rendered":"Melartin-juhlavuoden kuvia"},"content":{"rendered":"\n<p>Kuvat (c) Heikki Poroila, ellei toisin mainittu.<\/p>\n\n\n\n<p><strong>6.2.2025 Kansalliskirjaston Melartin-n\u00e4yttelyn avajaiset<\/strong><\/p>\n\n\n\n<p><\/p>\n\n\n\n<figure class=\"wp-block-image size-large\"><img loading=\"lazy\" decoding=\"async\" width=\"1024\" height=\"587\" src=\"https:\/\/erkkimelartin.fi\/em\/wp-content\/uploads\/2025\/02\/250206-Kansalliskirjasto-A2-1024x587.jpg\" alt=\"\" class=\"wp-image-1134\" srcset=\"https:\/\/erkkimelartin.fi\/em\/wp-content\/uploads\/2025\/02\/250206-Kansalliskirjasto-A2-1024x587.jpg 1024w, https:\/\/erkkimelartin.fi\/em\/wp-content\/uploads\/2025\/02\/250206-Kansalliskirjasto-A2-300x172.jpg 300w, https:\/\/erkkimelartin.fi\/em\/wp-content\/uploads\/2025\/02\/250206-Kansalliskirjasto-A2-768x440.jpg 768w, https:\/\/erkkimelartin.fi\/em\/wp-content\/uploads\/2025\/02\/250206-Kansalliskirjasto-A2-1536x880.jpg 1536w, https:\/\/erkkimelartin.fi\/em\/wp-content\/uploads\/2025\/02\/250206-Kansalliskirjasto-A2.jpg 2000w\" sizes=\"auto, (max-width: 1024px) 100vw, 1024px\" \/><\/figure>\n\n\n\n<figure class=\"wp-block-gallery has-nested-images columns-default is-cropped wp-block-gallery-1 is-layout-flex wp-block-gallery-is-layout-flex\">\n<figure class=\"wp-block-image size-large\"><img loading=\"lazy\" decoding=\"async\" width=\"805\" height=\"1024\" data-id=\"1133\" src=\"https:\/\/erkkimelartin.fi\/em\/wp-content\/uploads\/2025\/02\/250206-Kansalliskirjasto-A1-805x1024.jpg\" alt=\"\" class=\"wp-image-1133\" srcset=\"https:\/\/erkkimelartin.fi\/em\/wp-content\/uploads\/2025\/02\/250206-Kansalliskirjasto-A1-805x1024.jpg 805w, https:\/\/erkkimelartin.fi\/em\/wp-content\/uploads\/2025\/02\/250206-Kansalliskirjasto-A1-236x300.jpg 236w, https:\/\/erkkimelartin.fi\/em\/wp-content\/uploads\/2025\/02\/250206-Kansalliskirjasto-A1-768x977.jpg 768w, https:\/\/erkkimelartin.fi\/em\/wp-content\/uploads\/2025\/02\/250206-Kansalliskirjasto-A1-1207x1536.jpg 1207w, https:\/\/erkkimelartin.fi\/em\/wp-content\/uploads\/2025\/02\/250206-Kansalliskirjasto-A1.jpg 1500w\" sizes=\"auto, (max-width: 805px) 100vw, 805px\" \/><figcaption class=\"wp-element-caption\">Kansalliskirjaston ylikirjastonhoitaja Kimmo Tuominen<\/figcaption><\/figure>\n\n\n\n<figure class=\"wp-block-image size-large\"><img loading=\"lazy\" decoding=\"async\" width=\"965\" height=\"1024\" data-id=\"1135\" src=\"https:\/\/erkkimelartin.fi\/em\/wp-content\/uploads\/2025\/02\/250206-Kansalliskirjasto-A3-965x1024.jpg\" alt=\"\" class=\"wp-image-1135\" srcset=\"https:\/\/erkkimelartin.fi\/em\/wp-content\/uploads\/2025\/02\/250206-Kansalliskirjasto-A3-965x1024.jpg 965w, https:\/\/erkkimelartin.fi\/em\/wp-content\/uploads\/2025\/02\/250206-Kansalliskirjasto-A3-283x300.jpg 283w, https:\/\/erkkimelartin.fi\/em\/wp-content\/uploads\/2025\/02\/250206-Kansalliskirjasto-A3-768x815.jpg 768w, https:\/\/erkkimelartin.fi\/em\/wp-content\/uploads\/2025\/02\/250206-Kansalliskirjasto-A3-1448x1536.jpg 1448w, https:\/\/erkkimelartin.fi\/em\/wp-content\/uploads\/2025\/02\/250206-Kansalliskirjasto-A3-1930x2048.jpg 1930w, https:\/\/erkkimelartin.fi\/em\/wp-content\/uploads\/2025\/02\/250206-Kansalliskirjasto-A3.jpg 2000w\" sizes=\"auto, (max-width: 965px) 100vw, 965px\" \/><figcaption class=\"wp-element-caption\">Ainola Quartet<\/figcaption><\/figure>\n<\/figure>\n\n\n\n<figure class=\"wp-block-gallery has-nested-images columns-default is-cropped wp-block-gallery-2 is-layout-flex wp-block-gallery-is-layout-flex\">\n<figure class=\"wp-block-image size-large\"><img loading=\"lazy\" decoding=\"async\" width=\"1024\" height=\"629\" data-id=\"1136\" src=\"https:\/\/erkkimelartin.fi\/em\/wp-content\/uploads\/2025\/02\/250206-Kansalliskirjasto-A4-1024x629.jpg\" alt=\"\" class=\"wp-image-1136\" srcset=\"https:\/\/erkkimelartin.fi\/em\/wp-content\/uploads\/2025\/02\/250206-Kansalliskirjasto-A4-1024x629.jpg 1024w, https:\/\/erkkimelartin.fi\/em\/wp-content\/uploads\/2025\/02\/250206-Kansalliskirjasto-A4-300x184.jpg 300w, https:\/\/erkkimelartin.fi\/em\/wp-content\/uploads\/2025\/02\/250206-Kansalliskirjasto-A4-768x472.jpg 768w, https:\/\/erkkimelartin.fi\/em\/wp-content\/uploads\/2025\/02\/250206-Kansalliskirjasto-A4-1536x944.jpg 1536w, https:\/\/erkkimelartin.fi\/em\/wp-content\/uploads\/2025\/02\/250206-Kansalliskirjasto-A4-2048x1258.jpg 2048w\" sizes=\"auto, (max-width: 1024px) 100vw, 1024px\" \/><figcaption class=\"wp-element-caption\">Kansalliskirjaston Kupolisali t\u00e4yttyi avajaisvieraista<\/figcaption><\/figure>\n\n\n\n<figure class=\"wp-block-image size-large\"><img loading=\"lazy\" decoding=\"async\" width=\"1024\" height=\"766\" data-id=\"1137\" src=\"https:\/\/erkkimelartin.fi\/em\/wp-content\/uploads\/2025\/02\/250206-Kansalliskirjasto-A5-1024x766.jpg\" alt=\"\" class=\"wp-image-1137\" srcset=\"https:\/\/erkkimelartin.fi\/em\/wp-content\/uploads\/2025\/02\/250206-Kansalliskirjasto-A5-1024x766.jpg 1024w, https:\/\/erkkimelartin.fi\/em\/wp-content\/uploads\/2025\/02\/250206-Kansalliskirjasto-A5-300x225.jpg 300w, https:\/\/erkkimelartin.fi\/em\/wp-content\/uploads\/2025\/02\/250206-Kansalliskirjasto-A5-768x575.jpg 768w, https:\/\/erkkimelartin.fi\/em\/wp-content\/uploads\/2025\/02\/250206-Kansalliskirjasto-A5-1536x1150.jpg 1536w, https:\/\/erkkimelartin.fi\/em\/wp-content\/uploads\/2025\/02\/250206-Kansalliskirjasto-A5-2048x1533.jpg 2048w\" sizes=\"auto, (max-width: 1024px) 100vw, 1024px\" \/><figcaption class=\"wp-element-caption\">Melartin-seuran hallituksen j\u00e4sen Seppo Tuominen ja Melartinin paljon kokenut matkalaukku.<\/figcaption><\/figure>\n\n\n\n<figure class=\"wp-block-image size-large\"><img loading=\"lazy\" decoding=\"async\" width=\"988\" height=\"1024\" data-id=\"1138\" src=\"https:\/\/erkkimelartin.fi\/em\/wp-content\/uploads\/2025\/02\/250206-Kansalliskirjasto-A6-988x1024.jpg\" alt=\"\" class=\"wp-image-1138\" srcset=\"https:\/\/erkkimelartin.fi\/em\/wp-content\/uploads\/2025\/02\/250206-Kansalliskirjasto-A6-988x1024.jpg 988w, https:\/\/erkkimelartin.fi\/em\/wp-content\/uploads\/2025\/02\/250206-Kansalliskirjasto-A6-289x300.jpg 289w, https:\/\/erkkimelartin.fi\/em\/wp-content\/uploads\/2025\/02\/250206-Kansalliskirjasto-A6-768x796.jpg 768w, https:\/\/erkkimelartin.fi\/em\/wp-content\/uploads\/2025\/02\/250206-Kansalliskirjasto-A6-1482x1536.jpg 1482w, https:\/\/erkkimelartin.fi\/em\/wp-content\/uploads\/2025\/02\/250206-Kansalliskirjasto-A6-1976x2048.jpg 1976w, https:\/\/erkkimelartin.fi\/em\/wp-content\/uploads\/2025\/02\/250206-Kansalliskirjasto-A6.jpg 2000w\" sizes=\"auto, (max-width: 988px) 100vw, 988px\" \/><figcaption class=\"wp-element-caption\"><br>N\u00e4yttelyn kuraattori, Melartin-seuran puheenjohtaja Tuire Ranta-Meyer<\/figcaption><\/figure>\n<\/figure>\n\n\n\n<figure class=\"wp-block-gallery has-nested-images columns-default is-cropped wp-block-gallery-3 is-layout-flex wp-block-gallery-is-layout-flex\">\n<figure class=\"wp-block-image size-large\"><img loading=\"lazy\" decoding=\"async\" width=\"622\" height=\"1024\" data-id=\"1156\" src=\"https:\/\/erkkimelartin.fi\/em\/wp-content\/uploads\/2025\/02\/250206-Kansalliskirjasto-A9-622x1024.jpg\" alt=\"\" class=\"wp-image-1156\" srcset=\"https:\/\/erkkimelartin.fi\/em\/wp-content\/uploads\/2025\/02\/250206-Kansalliskirjasto-A9-622x1024.jpg 622w, https:\/\/erkkimelartin.fi\/em\/wp-content\/uploads\/2025\/02\/250206-Kansalliskirjasto-A9-182x300.jpg 182w, https:\/\/erkkimelartin.fi\/em\/wp-content\/uploads\/2025\/02\/250206-Kansalliskirjasto-A9-768x1264.jpg 768w, https:\/\/erkkimelartin.fi\/em\/wp-content\/uploads\/2025\/02\/250206-Kansalliskirjasto-A9-933x1536.jpg 933w, https:\/\/erkkimelartin.fi\/em\/wp-content\/uploads\/2025\/02\/250206-Kansalliskirjasto-A9-1244x2048.jpg 1244w, https:\/\/erkkimelartin.fi\/em\/wp-content\/uploads\/2025\/02\/250206-Kansalliskirjasto-A9.jpg 1500w\" sizes=\"auto, (max-width: 622px) 100vw, 622px\" \/><figcaption class=\"wp-element-caption\">Kohti korkeuksia -n\u00e4yttely Kansalliskirjastossa kutsuu.<\/figcaption><\/figure>\n\n\n\n<figure class=\"wp-block-image size-large\"><img loading=\"lazy\" decoding=\"async\" width=\"766\" height=\"1024\" data-id=\"1157\" src=\"https:\/\/erkkimelartin.fi\/em\/wp-content\/uploads\/2025\/02\/250206-Kansalliskirjasto-A7-766x1024.jpg\" alt=\"\" class=\"wp-image-1157\" srcset=\"https:\/\/erkkimelartin.fi\/em\/wp-content\/uploads\/2025\/02\/250206-Kansalliskirjasto-A7-766x1024.jpg 766w, https:\/\/erkkimelartin.fi\/em\/wp-content\/uploads\/2025\/02\/250206-Kansalliskirjasto-A7-224x300.jpg 224w, https:\/\/erkkimelartin.fi\/em\/wp-content\/uploads\/2025\/02\/250206-Kansalliskirjasto-A7-768x1026.jpg 768w, https:\/\/erkkimelartin.fi\/em\/wp-content\/uploads\/2025\/02\/250206-Kansalliskirjasto-A7-1149x1536.jpg 1149w, https:\/\/erkkimelartin.fi\/em\/wp-content\/uploads\/2025\/02\/250206-Kansalliskirjasto-A7-1532x2048.jpg 1532w, https:\/\/erkkimelartin.fi\/em\/wp-content\/uploads\/2025\/02\/250206-Kansalliskirjasto-A7-scaled.jpg 1915w\" sizes=\"auto, (max-width: 766px) 100vw, 766px\" \/><figcaption class=\"wp-element-caption\">N\u00e4yttelyn kuraattori Tuire Ranta-Meyer voi heng\u00e4ht\u00e4\u00e4.<\/figcaption><\/figure>\n<\/figure>\n\n\n\n<p><strong>7.2.2025 Pukinm\u00e4ki-seura<\/strong> vei syntym\u00e4p\u00e4iv\u00e4kukkaset Erkki Melartinin muistolaatalle, joka on Melartin-puistikossa aivan l\u00e4hell\u00e4 paikkaa, jossa s\u00e4velt\u00e4j\u00e4 eli p\u00e4\u00e4osan aikuisen el\u00e4m\u00e4st\u00e4\u00e4n. Melartinin taloa ei valitettavasti en\u00e4\u00e4 ole.<\/p>\n\n\n\n<figure class=\"wp-block-gallery has-nested-images columns-default is-cropped wp-block-gallery-4 is-layout-flex wp-block-gallery-is-layout-flex\">\n<figure class=\"wp-block-image size-large\"><img loading=\"lazy\" decoding=\"async\" width=\"1012\" height=\"1024\" data-id=\"1145\" src=\"https:\/\/erkkimelartin.fi\/em\/wp-content\/uploads\/2025\/02\/250207-Pukinmaki-02-1012x1024.jpg\" alt=\"\" class=\"wp-image-1145\" srcset=\"https:\/\/erkkimelartin.fi\/em\/wp-content\/uploads\/2025\/02\/250207-Pukinmaki-02-1012x1024.jpg 1012w, https:\/\/erkkimelartin.fi\/em\/wp-content\/uploads\/2025\/02\/250207-Pukinmaki-02-296x300.jpg 296w, https:\/\/erkkimelartin.fi\/em\/wp-content\/uploads\/2025\/02\/250207-Pukinmaki-02-768x777.jpg 768w, https:\/\/erkkimelartin.fi\/em\/wp-content\/uploads\/2025\/02\/250207-Pukinmaki-02-1518x1536.jpg 1518w, https:\/\/erkkimelartin.fi\/em\/wp-content\/uploads\/2025\/02\/250207-Pukinmaki-02.jpg 2000w\" sizes=\"auto, (max-width: 1012px) 100vw, 1012px\" \/><figcaption class=\"wp-element-caption\">Helsingin kaupungin vuonna 2000 kiveen kiinnitt\u00e4m\u00e4 muistolaatta.<\/figcaption><\/figure>\n\n\n\n<figure class=\"wp-block-image size-large\"><img loading=\"lazy\" decoding=\"async\" width=\"1024\" height=\"938\" data-id=\"1147\" src=\"https:\/\/erkkimelartin.fi\/em\/wp-content\/uploads\/2025\/02\/250207-Pukinmaki-04-1024x938.jpg\" alt=\"\" class=\"wp-image-1147\" srcset=\"https:\/\/erkkimelartin.fi\/em\/wp-content\/uploads\/2025\/02\/250207-Pukinmaki-04-1024x938.jpg 1024w, https:\/\/erkkimelartin.fi\/em\/wp-content\/uploads\/2025\/02\/250207-Pukinmaki-04-300x275.jpg 300w, https:\/\/erkkimelartin.fi\/em\/wp-content\/uploads\/2025\/02\/250207-Pukinmaki-04-768x703.jpg 768w, https:\/\/erkkimelartin.fi\/em\/wp-content\/uploads\/2025\/02\/250207-Pukinmaki-04.jpg 1500w\" sizes=\"auto, (max-width: 1024px) 100vw, 1024px\" \/><figcaption class=\"wp-element-caption\">Pukinm\u00e4ki-seurran edustajat Melartinia muistamassa.<\/figcaption><\/figure>\n\n\n\n<figure class=\"wp-block-image size-large\"><img loading=\"lazy\" decoding=\"async\" width=\"880\" height=\"1024\" data-id=\"1144\" src=\"https:\/\/erkkimelartin.fi\/em\/wp-content\/uploads\/2025\/02\/250207-Pukinmaki-01-880x1024.jpg\" alt=\"\" class=\"wp-image-1144\" srcset=\"https:\/\/erkkimelartin.fi\/em\/wp-content\/uploads\/2025\/02\/250207-Pukinmaki-01-880x1024.jpg 880w, https:\/\/erkkimelartin.fi\/em\/wp-content\/uploads\/2025\/02\/250207-Pukinmaki-01-258x300.jpg 258w, https:\/\/erkkimelartin.fi\/em\/wp-content\/uploads\/2025\/02\/250207-Pukinmaki-01-768x894.jpg 768w, https:\/\/erkkimelartin.fi\/em\/wp-content\/uploads\/2025\/02\/250207-Pukinmaki-01-1320x1536.jpg 1320w, https:\/\/erkkimelartin.fi\/em\/wp-content\/uploads\/2025\/02\/250207-Pukinmaki-01-1760x2048.jpg 1760w, https:\/\/erkkimelartin.fi\/em\/wp-content\/uploads\/2025\/02\/250207-Pukinmaki-01.jpg 1815w\" sizes=\"auto, (max-width: 880px) 100vw, 880px\" \/><figcaption class=\"wp-element-caption\">L\u00e4heisen rakennuiksen sein\u00e4\u00e4n on sommiteltu asukkaiden aloitteesta &#8220;Melartinin m\u00e4nnyt&#8221;.<\/figcaption><\/figure>\n\n\n\n<figure class=\"wp-block-image size-large\"><img loading=\"lazy\" decoding=\"async\" width=\"720\" height=\"1024\" data-id=\"1202\" src=\"https:\/\/erkkimelartin.fi\/em\/wp-content\/uploads\/2025\/02\/Atra-Melartin-1923.jpg\" alt=\"\" class=\"wp-image-1202\" srcset=\"https:\/\/erkkimelartin.fi\/em\/wp-content\/uploads\/2025\/02\/Atra-Melartin-1923.jpg 720w, https:\/\/erkkimelartin.fi\/em\/wp-content\/uploads\/2025\/02\/Atra-Melartin-1923-211x300.jpg 211w\" sizes=\"auto, (max-width: 720px) 100vw, 720px\" \/><\/figure>\n<\/figure>\n\n\n\n<figure class=\"wp-block-gallery has-nested-images columns-default is-cropped wp-block-gallery-5 is-layout-flex wp-block-gallery-is-layout-flex\">\n<figure class=\"wp-block-image size-large\"><img loading=\"lazy\" decoding=\"async\" width=\"1024\" height=\"861\" data-id=\"1173\" src=\"https:\/\/erkkimelartin.fi\/em\/wp-content\/uploads\/2025\/02\/250207-SibA-A2-1024x861.jpg\" alt=\"\" class=\"wp-image-1173\" srcset=\"https:\/\/erkkimelartin.fi\/em\/wp-content\/uploads\/2025\/02\/250207-SibA-A2-1024x861.jpg 1024w, https:\/\/erkkimelartin.fi\/em\/wp-content\/uploads\/2025\/02\/250207-SibA-A2-300x252.jpg 300w, https:\/\/erkkimelartin.fi\/em\/wp-content\/uploads\/2025\/02\/250207-SibA-A2-768x646.jpg 768w, https:\/\/erkkimelartin.fi\/em\/wp-content\/uploads\/2025\/02\/250207-SibA-A2-1536x1292.jpg 1536w, https:\/\/erkkimelartin.fi\/em\/wp-content\/uploads\/2025\/02\/250207-SibA-A2.jpg 2000w\" sizes=\"auto, (max-width: 1024px) 100vw, 1024px\" \/><figcaption class=\"wp-element-caption\">Erkki Melartinin muotokuva uteliaan kutsuvierasyleis\u00f6n tutkailtavana.<\/figcaption><\/figure>\n\n\n\n<figure class=\"wp-block-image size-large\"><img loading=\"lazy\" decoding=\"async\" width=\"1024\" height=\"973\" data-id=\"1174\" src=\"https:\/\/erkkimelartin.fi\/em\/wp-content\/uploads\/2025\/02\/250207-SibA-A3-1024x973.jpg\" alt=\"\" class=\"wp-image-1174\" srcset=\"https:\/\/erkkimelartin.fi\/em\/wp-content\/uploads\/2025\/02\/250207-SibA-A3-1024x973.jpg 1024w, https:\/\/erkkimelartin.fi\/em\/wp-content\/uploads\/2025\/02\/250207-SibA-A3-300x285.jpg 300w, https:\/\/erkkimelartin.fi\/em\/wp-content\/uploads\/2025\/02\/250207-SibA-A3-768x730.jpg 768w, https:\/\/erkkimelartin.fi\/em\/wp-content\/uploads\/2025\/02\/250207-SibA-A3-1536x1460.jpg 1536w, https:\/\/erkkimelartin.fi\/em\/wp-content\/uploads\/2025\/02\/250207-SibA-A3-2048x1947.jpg 2048w\" sizes=\"auto, (max-width: 1024px) 100vw, 1024px\" \/><figcaption class=\"wp-element-caption\">Kaarlo Atran tekem\u00e4 muotokuva ja sen l\u00f6yt\u00e4j\u00e4 Tuire Ranta-Meyer<\/figcaption><\/figure>\n<\/figure>\n\n\n\n<figure class=\"wp-block-gallery has-nested-images columns-default is-cropped wp-block-gallery-6 is-layout-flex wp-block-gallery-is-layout-flex\">\n<figure class=\"wp-block-image size-large\"><img loading=\"lazy\" decoding=\"async\" width=\"1024\" height=\"590\" data-id=\"1179\" src=\"https:\/\/erkkimelartin.fi\/em\/wp-content\/uploads\/2025\/02\/250207-SibA-A5-1024x590.jpg\" alt=\"\" class=\"wp-image-1179\" srcset=\"https:\/\/erkkimelartin.fi\/em\/wp-content\/uploads\/2025\/02\/250207-SibA-A5-1024x590.jpg 1024w, https:\/\/erkkimelartin.fi\/em\/wp-content\/uploads\/2025\/02\/250207-SibA-A5-300x173.jpg 300w, https:\/\/erkkimelartin.fi\/em\/wp-content\/uploads\/2025\/02\/250207-SibA-A5-768x442.jpg 768w, https:\/\/erkkimelartin.fi\/em\/wp-content\/uploads\/2025\/02\/250207-SibA-A5-1536x885.jpg 1536w, https:\/\/erkkimelartin.fi\/em\/wp-content\/uploads\/2025\/02\/250207-SibA-A5-2048x1180.jpg 2048w\" sizes=\"auto, (max-width: 1024px) 100vw, 1024px\" \/><figcaption class=\"wp-element-caption\">Ainola Quartet Aimar Tobalina, Margaux Rouzeau, Harry Swainston ja Nadia Barrow.<\/figcaption><\/figure>\n\n\n\n<figure class=\"wp-block-image size-large\"><img loading=\"lazy\" decoding=\"async\" width=\"1024\" height=\"682\" data-id=\"1175\" src=\"https:\/\/erkkimelartin.fi\/em\/wp-content\/uploads\/2025\/02\/250207-SibA-A4-1024x682.jpg\" alt=\"\" class=\"wp-image-1175\" srcset=\"https:\/\/erkkimelartin.fi\/em\/wp-content\/uploads\/2025\/02\/250207-SibA-A4-1024x682.jpg 1024w, https:\/\/erkkimelartin.fi\/em\/wp-content\/uploads\/2025\/02\/250207-SibA-A4-300x200.jpg 300w, https:\/\/erkkimelartin.fi\/em\/wp-content\/uploads\/2025\/02\/250207-SibA-A4-768x512.jpg 768w, https:\/\/erkkimelartin.fi\/em\/wp-content\/uploads\/2025\/02\/250207-SibA-A4-1536x1023.jpg 1536w, https:\/\/erkkimelartin.fi\/em\/wp-content\/uploads\/2025\/02\/250207-SibA-A4-2048x1364.jpg 2048w, https:\/\/erkkimelartin.fi\/em\/wp-content\/uploads\/2025\/02\/250207-SibA-A4-840x560.jpg 840w, https:\/\/erkkimelartin.fi\/em\/wp-content\/uploads\/2025\/02\/250207-SibA-A4-120x80.jpg 120w, https:\/\/erkkimelartin.fi\/em\/wp-content\/uploads\/2025\/02\/250207-SibA-A4-360x240.jpg 360w, https:\/\/erkkimelartin.fi\/em\/wp-content\/uploads\/2025\/02\/250207-SibA-A4-600x400.jpg 600w\" sizes=\"auto, (max-width: 1024px) 100vw, 1024px\" \/><figcaption class=\"wp-element-caption\">Petteri Salomaa ja Ilmo Ranta Turen Aran ohjelmiston \u00e4\u00e4rell\u00e4.<\/figcaption><\/figure>\n<\/figure>\n\n\n\n<figure class=\"wp-block-image size-large\"><img loading=\"lazy\" decoding=\"async\" width=\"1024\" height=\"684\" src=\"https:\/\/erkkimelartin.fi\/em\/wp-content\/uploads\/2025\/02\/250209-Arabia-kaikuu-Sinebrychoffin-taidemuseossa-A1-1024x684.jpg\" alt=\"\" class=\"wp-image-1196\" srcset=\"https:\/\/erkkimelartin.fi\/em\/wp-content\/uploads\/2025\/02\/250209-Arabia-kaikuu-Sinebrychoffin-taidemuseossa-A1-1024x684.jpg 1024w, https:\/\/erkkimelartin.fi\/em\/wp-content\/uploads\/2025\/02\/250209-Arabia-kaikuu-Sinebrychoffin-taidemuseossa-A1-300x200.jpg 300w, https:\/\/erkkimelartin.fi\/em\/wp-content\/uploads\/2025\/02\/250209-Arabia-kaikuu-Sinebrychoffin-taidemuseossa-A1-768x513.jpg 768w, https:\/\/erkkimelartin.fi\/em\/wp-content\/uploads\/2025\/02\/250209-Arabia-kaikuu-Sinebrychoffin-taidemuseossa-A1-1536x1026.jpg 1536w, https:\/\/erkkimelartin.fi\/em\/wp-content\/uploads\/2025\/02\/250209-Arabia-kaikuu-Sinebrychoffin-taidemuseossa-A1-2048x1368.jpg 2048w, https:\/\/erkkimelartin.fi\/em\/wp-content\/uploads\/2025\/02\/250209-Arabia-kaikuu-Sinebrychoffin-taidemuseossa-A1-840x560.jpg 840w, https:\/\/erkkimelartin.fi\/em\/wp-content\/uploads\/2025\/02\/250209-Arabia-kaikuu-Sinebrychoffin-taidemuseossa-A1-120x80.jpg 120w, https:\/\/erkkimelartin.fi\/em\/wp-content\/uploads\/2025\/02\/250209-Arabia-kaikuu-Sinebrychoffin-taidemuseossa-A1-360x240.jpg 360w, https:\/\/erkkimelartin.fi\/em\/wp-content\/uploads\/2025\/02\/250209-Arabia-kaikuu-Sinebrychoffin-taidemuseossa-A1-600x400.jpg 600w\" sizes=\"auto, (max-width: 1024px) 100vw, 1024px\" \/><figcaption class=\"wp-element-caption\"><strong>Liedkollektiivi ARABIA KAIKUU Sinebrychoffin museon konsertissa 9.2.2025. Yhteiskuvassa konsertin toteuttaneet, vasemmalta pianotaiteilijat Armaan Madar, Tuomas Kangas ja Edit Rautio, sopraanot Mea Tikkanen ja Maria Turunen, Melartin-seuran puheenjohtaja Tuire Ranta-Meyer, sopraanot Anni Koskinen ja Sofia Hiltunen sek\u00e4 museon tuottaja Heidi Kallioinen.<\/strong><\/figcaption><\/figure>\n\n\n\n<figure class=\"wp-block-gallery has-nested-images columns-default is-cropped wp-block-gallery-7 is-layout-flex wp-block-gallery-is-layout-flex\">\n<figure class=\"wp-block-image size-large\"><img loading=\"lazy\" decoding=\"async\" width=\"1024\" height=\"741\" data-id=\"1233\" src=\"https:\/\/erkkimelartin.fi\/em\/wp-content\/uploads\/2025\/02\/250216-A1-1024x741.jpg\" alt=\"\" class=\"wp-image-1233\" srcset=\"https:\/\/erkkimelartin.fi\/em\/wp-content\/uploads\/2025\/02\/250216-A1-1024x741.jpg 1024w, https:\/\/erkkimelartin.fi\/em\/wp-content\/uploads\/2025\/02\/250216-A1-300x217.jpg 300w, https:\/\/erkkimelartin.fi\/em\/wp-content\/uploads\/2025\/02\/250216-A1-768x556.jpg 768w, https:\/\/erkkimelartin.fi\/em\/wp-content\/uploads\/2025\/02\/250216-A1-1536x1111.jpg 1536w, https:\/\/erkkimelartin.fi\/em\/wp-content\/uploads\/2025\/02\/250216-A1-2048x1482.jpg 2048w\" sizes=\"auto, (max-width: 1024px) 100vw, 1024px\" \/><\/figure>\n\n\n\n<figure class=\"wp-block-image size-large\"><img loading=\"lazy\" decoding=\"async\" width=\"1024\" height=\"787\" data-id=\"1234\" src=\"https:\/\/erkkimelartin.fi\/em\/wp-content\/uploads\/2025\/02\/250216-A2-1024x787.jpg\" alt=\"\" class=\"wp-image-1234\" srcset=\"https:\/\/erkkimelartin.fi\/em\/wp-content\/uploads\/2025\/02\/250216-A2-1024x787.jpg 1024w, https:\/\/erkkimelartin.fi\/em\/wp-content\/uploads\/2025\/02\/250216-A2-300x231.jpg 300w, https:\/\/erkkimelartin.fi\/em\/wp-content\/uploads\/2025\/02\/250216-A2-768x590.jpg 768w, https:\/\/erkkimelartin.fi\/em\/wp-content\/uploads\/2025\/02\/250216-A2-1536x1181.jpg 1536w, https:\/\/erkkimelartin.fi\/em\/wp-content\/uploads\/2025\/02\/250216-A2-2048x1575.jpg 2048w\" sizes=\"auto, (max-width: 1024px) 100vw, 1024px\" \/><\/figure>\n<\/figure>\n\n\n\n<p>Liedkollektiivi ARABIA KAIKUU Villa Gyllenbergin konsertissa STJ\u00c4RNOR 16.2.2025. Yhteiskuvassa konsertin taiteilijat, vasemmalta pianotaiteilijat <strong>D\u00e1vid Szilasi<\/strong> ja <strong>Tuomas Kangas<\/strong> sek\u00e4 solistit <strong>Sofia Hiltunen<\/strong>, <strong>Riikka M\u00e4kinen<\/strong>, <strong>Mea Tikkanen<\/strong>, <strong>Anna Ginstr\u00f6m<\/strong> ja <strong>Marja Kari<\/strong>. Vasemmanpuolisesessa kuvassa kukitetaan tilaisuuden juontaja, Melartin-seuran puheenjiohtaja <strong>Tuire Ranta-Meyer<em>.<\/em><\/strong><\/p>\n","protected":false},"excerpt":{"rendered":"<p>Kuvat (c) Heikki Poroila, ellei toisin mainittu. 6.2.2025 Kansalliskirjaston Melartin-n\u00e4yttelyn avajaiset 7.2.2025 Pukinm\u00e4ki-seura vei syntym\u00e4p\u00e4iv\u00e4kukkaset Erkki Melartinin muistolaatalle, joka on[&#8230;]<\/p>\n","protected":false},"author":1,"featured_media":0,"parent":952,"menu_order":0,"comment_status":"closed","ping_status":"closed","template":"","meta":{"footnotes":""},"class_list":["post-1131","page","type-page","status-publish","hentry"],"_links":{"self":[{"href":"https:\/\/erkkimelartin.fi\/em\/index.php?rest_route=\/wp\/v2\/pages\/1131","targetHints":{"allow":["GET"]}}],"collection":[{"href":"https:\/\/erkkimelartin.fi\/em\/index.php?rest_route=\/wp\/v2\/pages"}],"about":[{"href":"https:\/\/erkkimelartin.fi\/em\/index.php?rest_route=\/wp\/v2\/types\/page"}],"author":[{"embeddable":true,"href":"https:\/\/erkkimelartin.fi\/em\/index.php?rest_route=\/wp\/v2\/users\/1"}],"replies":[{"embeddable":true,"href":"https:\/\/erkkimelartin.fi\/em\/index.php?rest_route=%2Fwp%2Fv2%2Fcomments&post=1131"}],"version-history":[{"count":13,"href":"https:\/\/erkkimelartin.fi\/em\/index.php?rest_route=\/wp\/v2\/pages\/1131\/revisions"}],"predecessor-version":[{"id":1236,"href":"https:\/\/erkkimelartin.fi\/em\/index.php?rest_route=\/wp\/v2\/pages\/1131\/revisions\/1236"}],"up":[{"embeddable":true,"href":"https:\/\/erkkimelartin.fi\/em\/index.php?rest_route=\/wp\/v2\/pages\/952"}],"wp:attachment":[{"href":"https:\/\/erkkimelartin.fi\/em\/index.php?rest_route=%2Fwp%2Fv2%2Fmedia&parent=1131"}],"curies":[{"name":"wp","href":"https:\/\/api.w.org\/{rel}","templated":true}]}}