{"id":148,"date":"2017-02-12T13:14:58","date_gmt":"2017-02-12T13:14:58","guid":{"rendered":"https:\/\/erkkimelartin.fi\/em\/?page_id=148"},"modified":"2018-11-16T14:34:54","modified_gmt":"2018-11-16T14:34:54","slug":"tutkimus-ja-hankkeet","status":"publish","type":"page","link":"https:\/\/erkkimelartin.fi\/em\/?page_id=148","title":{"rendered":"Tutkimus- ja julkaisuhankkeet &#8211; Research and projects"},"content":{"rendered":"<h3>Erkki Melartinin sinfonioiden puhtaaksikirjoitus- ja editointiprojekti<\/h3>\n<p><strong>Tiedote 1\/2010<\/strong><\/p>\n<p>Erkki Melartin -seura on saanut Suomen Kulttuurirahastolta apurahaa Melartinin sinfonioiden modernien editioiden valmistamiseksi. Oheiset tiedotteet kertovat projektin edistymisest\u00e4.<\/p>\n<p>Erkki Melartin -seura on saanut Suomen Kulttuurirahastolta vuosina 2006 ja 2008 merkitt\u00e4v\u00e4n apurahan Melartinin sinfonioiden puhtaaksikirjoitus- ja editointihankkeeseen. Apurahojen jakotilaisuudessa Finlandia-talolla 27.2.2006 seuraa edustivat puheenjohtaja Tuire Ranta-Meyer ja varapuheenjohtaja Ari Nieminen. J\u00e4lkimm\u00e4iseen tilaisuuteen vuonna 2008 ei kumpikaan ehtinyt osallistua.<\/p>\n<p>S\u00e4velt\u00e4j\u00e4 Erkki Melartinin kuusi sinfoniaa vuosilta 1903 &#8211; 1924 edustavat taiteelliselta painoarvoltaan merkitt\u00e4v\u00e4\u00e4 ja viiden ensimm\u00e4isen sinfonian osalta saksalaiseen orkesteritraditioon nojautuvaa kansallisromanttista suomalaista s\u00e4vellysperinnett\u00e4. Koska niit\u00e4 ei ole aikoinaan 6. sinfoniaa lukuun ottamatta painettu eik\u00e4 kustannettu, niit\u00e4 ei yleisesti tunneta eik\u00e4 niit\u00e4 usein esitet\u00e4. Sinfonioista tehty ainoa levytys 1990-luvulta (ONDINE, kapellimestarina Leonid Grin ja orkesterina Tampereen Filharmoninen orkesteri) voi antaa niist\u00e4 my\u00f6s harhaanjohtavan kuvan. Teoksia on levytyksess\u00e4 lyhennetty v\u00e4lill\u00e4 merkitt\u00e4v\u00e4stikin ilman ett\u00e4 t\u00e4t\u00e4 on levytekstiss\u00e4 lainkaan mainittu.<\/p>\n<p>Sinfonioiden ottamista orkestereiden ohjelmistoon on hankaloittanut my\u00f6s se, ett\u00e4 k\u00e4sinkirjoitettuihin partituureihin ja \u00e4\u00e4nilehtiin sis\u00e4ltyy virheit\u00e4 ja ep\u00e4loogisuuksia. Orkestereilta ja kapellimestareilta edellytet\u00e4\u00e4n erityist\u00e4 vaivann\u00e4k\u00f6\u00e4 saattaa sinfoniat esityskuntoon. Kynnys sinfonioiden esitt\u00e4miseen on siten tarpeettoman suuri, ja t\u00e4m\u00e4n Sibeliuksesta seuraavan sinfonias\u00e4velt\u00e4j\u00e4n orkesterituotantoa onkin uhannut j\u00e4\u00e4minen marginaaliin ilman varsinaista musiikillista perustetta. Melartinin tekij\u00e4noikeussuoja on p\u00e4\u00e4ttynyt vuoden 2007 lopussa, joten teosten esitt\u00e4miselle ja kustantamiselle on avautunut t\u00e4ysin uusi tilanne.<\/p>\n<p>Sinfonioiden puhtaaksikirjoitushanketta on johtanut seuran puheenjohtaja Tuire Ranta-Meyer ja ty\u00f6ryhm\u00e4n muina j\u00e4senin\u00e4 ovat varapuheenjohtaja, kustannusp\u00e4\u00e4llikk\u00f6 Ari Nieminen, tiedotusp\u00e4\u00e4llikk\u00f6 Henna Salmela sek\u00e4 nuottigraafikko Jani Kyll\u00f6nen. Lis\u00e4ksi puhtaaksikirjoitetun partituurin tarkistusty\u00f6h\u00f6n ja editointikysymyksien ratkaisemiseen on k\u00e4ytetty muita asiantuntijoita, mm. kapellimestari Atso Almilaa, kapellimestari Ralf Kircheri\u00e4 sek\u00e4 kapellimestari, yliopettaja Pekka Helasvuota. Seura kiitt\u00e4\u00e4 my\u00f6s professori, kapellimestari Ulf S\u00f6derblomia ja kapellimestari, s\u00e4velt\u00e4j\u00e4 Atso Almilaa hankkeeseen liittyvist\u00e4 lausunnoista.<\/p>\n<p>Suomen Kulttuurirahaston apurahan ansiosta Melartinin 5. sinfonia &#8220;Sinfonia brevis&#8221; (op. 90 a-molli vuodelta 1916) on saatu puhtaaksikirjoitettua ja tarkistettua niin, ett\u00e4 sen huolellisesti editoitu materiaali on ollut orkestereiden saatavilla Fennica Gehrmanin katalogissa vuoden 2008 alusta alkaen. Turun sinfoniaorkesteri esitti teoksen uudesta editoidusta laitoksesta vuonna 2008 kapellimestari Atso Almilan johdolla.<\/p>\n<p>Kes\u00e4ll\u00e4 2010 my\u00f6s Melartinin 3. sinfonia F-duuri on valmistunut ja my\u00f6s se on orkestereiden saatavilla Fennica Gehrmanin kautta. 3. sinfonia vuodelta 1907 on Melartinin er\u00e4\u00e4nlainen tyylillinen k\u00e4\u00e4nnekohta ja tunnustuksellinen teos, jota aikoinaan on esitetty eniten h\u00e4nen sinfonioistaan (my\u00f6s Pohjoismaissa ja mm. Moskovassa ja Riikassa vuonna 1912). Kolmannen sinfonian puhtaaksikirjoitusty\u00f6 on ollut hieman yll\u00e4tt\u00e4v\u00e4sti ongelmattomampaa kuin 5. sinfonian, koska partituurin k\u00e4sikirjoitus on ollut luettavampi ja selke\u00e4mpi kuin Sinfonia breviksess\u00e4. Molempien sinfonioiden editointity\u00f6n on tehnyt nuottigraafikko Jani Kyll\u00f6nen.<\/p>\n<p>Editointity\u00f6ss\u00e4 tarvitaan Melartinin k\u00e4sialan ja teosten synty- tai esityshistorian tuntemusta, orkestraatiokokemusta, nuottigraafikan suunnittelun periaatteiden tuntemista kapellimestareiden ja orkesterimuusikoiden ty\u00f6n kannalta sek\u00e4 puhtaaksikirjoitusversion huolellista tarkistusty\u00f6t\u00e4. Tarkistusty\u00f6n on 3. sinfoniassa tehnyt kapellimestari Ralf Kircher ja 5. sinfoniassa kapellimestari Atso Almila.<\/p>\n<p>Seuran p\u00e4\u00e4m\u00e4\u00e4r\u00e4n\u00e4 on ollut tuottaa kapellimestareiden ja soittajien kannalta k\u00e4ytt\u00f6kelpoinen, sinfonioiden esitt\u00e4mist\u00e4 palveleva materiaali, ei niink\u00e4\u00e4n tehd\u00e4 viel\u00e4 t\u00e4ss\u00e4 vaiheessa sinfonioista tutkimuksellisia, kriittisi\u00e4 editiota.<\/p>\n<p>Suomen Kulttuurirahaston apurahan turvin pyrit\u00e4\u00e4n saamaan valmiiksi seuraavaksi Melartinin 4. sinfonia (op. 80 E-duuri &#8220;Kes\u00e4sinfonia&#8221; vuodelta 1912). Sen j\u00e4lkeen tavoitteena on 6. sinfonian, &#8220;Elementtisinfonian&#8221; (op. 100 vuodelta 1924) puhtaaksikirjoitus. T\u00e4m\u00e4n sinfonian vuonna 1935 painatetun version on todettu sis\u00e4lt\u00e4v\u00e4n virheit\u00e4 ja ep\u00e4johdonmukaisuuksia, mink\u00e4 takia my\u00f6s t\u00e4st\u00e4 Melartinin edustavasta teoksesta on t\u00e4rke\u00e4 tehd\u00e4 projektin yhteydess\u00e4 uusi korjattu ja tarkistettu puhtaaksikirjoitusversio alkuper\u00e4isen k\u00e4sikirjoituspartituurin ja vuoden 1935 painetun version perusteella. Melartinin 1. ja 2. sinfonian puhtaaksikirjoitusta varten seura tekee mahdollisesti apuraha-anomuksen my\u00f6hemmin.<\/p>\n<p>Lis\u00e4tietoja hankkeesta antaa ty\u00f6ryhm\u00e4n puheenjohtaja FT Tuire Ranta-Meyer, puh. 050 5262002 tai <a href=\"mailto:tuire.ranta-meyer@metropolia.fi\">tuire.ranta-meyer@metropolia.fi<\/a>. Orkesterimateriaalin osalta tiedustelut voi osoittaa kustannusp\u00e4\u00e4llikk\u00f6 Jari Eskolalle, puh. 040 8370629 tai <a href=\"mailto:jari.eskola@fennicagehrman.fi\">jari.eskola@fennicagehrman.fi<\/a>.<\/p>\n<p>&nbsp;<\/p>\n<p><strong>Tiedote 1\/2007<\/strong><\/p>\n<p>Erkki Melartin -seura on saanut Suomen Kulttuurirahastolta vuonna 2006 merkitt\u00e4v\u00e4n apurahan Melartinin sinfonioiden puhtaaksikirjoitus- ja editointihankkeeseen. Apurahojen jakotilaisuudessa Finlandia-talolla 27.2.2006 seuraa edustivat puheenjohtaja Tuire Ranta-Meyer ja varapuheenjohtaja Ari Nieminen.<\/p>\n<p>S\u00e4velt\u00e4j\u00e4 Erkki Melartinin kuusi sinfoniaa vuosilta 1903 &#8211; 1924 edustavat taiteelliselta painoarvoltaan merkitt\u00e4v\u00e4\u00e4, saksalaiseen orkesteritraditioon nojautuvaa kansallisromanttista suomalaista s\u00e4vellysperinnett\u00e4. Koska niit\u00e4 ei ole 6. sinfoniaa lukuun ottamatta painettu eik\u00e4 kustannettu, niit\u00e4 ei kuitenkaan yleisesti tunneta eik\u00e4 niit\u00e4 usein esitet\u00e4. Sinfonioista tehty ainoa levytys 1990-luvulta (ONDINE, kapellimestarina Leonid Grin ja orkesterina Tampereen Filharmoninen orkesteri) on eritt\u00e4in ansiokas, mutta voi antaa niist\u00e4 my\u00f6s harhaanjohtavan kuvan. Teoksia on levytyksess\u00e4 lyhennetty ilman, ett\u00e4 t\u00e4t\u00e4 on levytekstiss\u00e4 lainkaan mainittu.<\/p>\n<p>Sinfonioiden ottamista orkestereiden ohjelmistoon hankaloittaa my\u00f6s se, ett\u00e4 k\u00e4sinkirjoitettuihin partituureihin ja \u00e4\u00e4nilehtiin sis\u00e4ltyy virheit\u00e4 ja ep\u00e4loogisuuksia. Orkestereilta ja kapellimestareilta edellytet\u00e4\u00e4n erityist\u00e4 vaivann\u00e4k\u00f6\u00e4 saattaa sinfoniat esityskuntoon. Kynnys sinfonioiden esitt\u00e4miseen on siten tarpeettoman suuri, ja t\u00e4m\u00e4n Sibeliuksesta seuraavan sinfonias\u00e4velt\u00e4j\u00e4n orkesterituotantoa uhkaa j\u00e4\u00e4minen marginaaliin ilman musiikillista perustetta. Melartinin tekij\u00e4noikeussuoja p\u00e4\u00e4ttyy vuoden 2007 lopussa, joten teosten esitt\u00e4miselle ja kustantamiselle avautuu t\u00e4ysin uusi tilanne.<\/p>\n<p>Hanketta johtaa seuran puheenjohtaja Tuire Ranta-Meyer ja ty\u00f6ryhm\u00e4n muina j\u00e4senin\u00e4 ovat varapuheenjohtaja, kustannusp\u00e4\u00e4llikk\u00f6 Ari Nieminen, tiedotusp\u00e4\u00e4llikk\u00f6 Henna Salmela sek\u00e4 nuottigraafikot Jani Kyll\u00f6nen ja Lauri Toivio. Lis\u00e4ksi puhtaaksikirjoitetun partituurin tarkistusty\u00f6h\u00f6n ja editointikysymyksien ratkaisemiseen on k\u00e4ytetty muita asiantuntijoita. Seura kiitt\u00e4\u00e4 my\u00f6s professori, kapellimestari Ulf S\u00f6derblomia ja kapellimestari, s\u00e4velt\u00e4j\u00e4 Atso Almilaa hankkeeseen liittyv\u00e4st\u00e4 asiantuntija-avusta ja lausunnoista.<\/p>\n<p>Suomen Kulttuurirahaston apurahan ansiosta Melartinin 5. sinfonia &#8220;Sinfonia brevis&#8221; (op. 90 a-molli vuodelta 1916) on saatu puhtaaksikirjoitettua ja tarkistettua niin, ett\u00e4 sen huolellisesti editoitu materiaali on orkestereiden saatavilla vuoden 2008 alussa. Nuottigraafikkona on toiminut Jani Kyll\u00f6nen. Kyseisen apurahan avulla my\u00f6s 4. sinfonian &#8220;Kes\u00e4sinfonia&#8221; (op. 80 E-duuri vuodelta 1913) puhtaaksikirjoitusty\u00f6 on k\u00e4ynniss\u00e4. Tarkistettu ja alkuper\u00e4iseen Melartinin partituuriin tukeutuva materiaali saadaan tiedotettua ja orkestereiden k\u00e4ytt\u00f6\u00f6n kes\u00e4ll\u00e4 2008. Nuottigraafikkona on Lauri Toivio.<\/p>\n<p>Puhtaaksikirjoitusty\u00f6 on osoittautunut haastavaksi, mutta samalla palkitsevaksi ja mielenkiintoiseksi. Melartin on selv\u00e4sti kirjoittanut partituurinsa kiireess\u00e4, jolloin puhtaita kirjoitusvirheit\u00e4 ja tulkintaa edellytt\u00e4vi\u00e4 merkint\u00f6j\u00e4 esiintyy runsaasti. Nuottitekstuuri on paikoin niin tihe\u00e4t\u00e4, ett\u00e4 musteella kirjoitetut merkit sekoittuvat toisiinsa melko vaikeasti hahmotettaviksi merkinn\u00f6iksi. Alkuper\u00e4isenk\u00e4\u00e4n partituurin nuottikuvasta ei en\u00e4\u00e4 helposti pysty p\u00e4\u00e4ttelem\u00e4\u00e4n s\u00e4velt\u00e4j\u00e4n lopullista n\u00e4kemyst\u00e4, koska k\u00e4sikirjoituspartituuri sis\u00e4lt\u00e4\u00e4 eri kerrostumia ja eri kapellimestareiden merkint\u00f6j\u00e4. Editointity\u00f6ss\u00e4 tarvitaan Melartinin k\u00e4sialan ja teosten synty- tai esityshistorian tuntemusta, orkestraatiokokemusta, nuottigraafikan suunnittelun periaatteiden tuntemista kapellimestareiden ja orkesterimuusikoiden ty\u00f6n kannalta sek\u00e4 puhtaaksikirjoitusversion huolellista tarkistusty\u00f6t\u00e4.<\/p>\n<p>Seuran p\u00e4\u00e4m\u00e4\u00e4r\u00e4n\u00e4 on ollut tuottaa kapellimestareiden ja soittajien kannalta k\u00e4ytt\u00f6kelpoinen, sinfonioiden esitt\u00e4mist\u00e4 palveleva materiaali, ei niink\u00e4\u00e4n tehd\u00e4 viel\u00e4 t\u00e4ss\u00e4 vaiheessa sinfonioista tutkimuksellisia, kriittisi\u00e4 editiota.<\/p>\n<p>Seuran on hakenut Suomen Kulttuurirahastolta jatkorahoitusta sinfoniaprojektiin, erityisesti 3. sinfonian (op. 40 F-duuri vuodelta 1907) ja 6. sinfonian vuonna 1935 painetun laitoksen tarkistetun puhtaaksikirjoitusty\u00f6n k\u00e4ynnist\u00e4miseksi vuoden 2008 aikana.<\/p>\n<p>3. sinfonia on Melartinin er\u00e4\u00e4nlainen tyylillinen k\u00e4\u00e4nnekohta ja tunnustuksellinen teos, jota aikoinaan on esitetty eniten h\u00e4nen sinfonioistaan (my\u00f6s Pohjoismaissa ja mm. Moskovassa vuonna 1912). Sen puuttuminen Melartinin puhtaaksikirjoitetuista sinfonioista j\u00e4tt\u00e4isi projektin eritt\u00e4in vaillinaiseksi.<\/p>\n<p>6. sinfonian, &#8220;Elementtisinfonian&#8221; (op. 100 vuodelta 1924) vuonna 1935 painatetun version on todettu sis\u00e4lt\u00e4v\u00e4n virheit\u00e4 ja ep\u00e4johdonmukaisuuksia, mink\u00e4 takia my\u00f6s t\u00e4st\u00e4 Melartinin ominta persoonatyyli\u00e4 edustavasta teoksesta on t\u00e4rke\u00e4 tehd\u00e4 projektin yhteydess\u00e4 uusi korjattu ja tarkistettu puhtaaksikirjoitusversio alkuper\u00e4isen k\u00e4sikirjoituspartituurin ja vuoden 1935 painetun version perusteella. Melartinin 1. ja 2. sinfonian puhtaaksikirjoitusta varten seura tekee mahdollisesti apuraha-anomuksen my\u00f6hemmin.<\/p>\n","protected":false},"excerpt":{"rendered":"<p>Erkki Melartinin sinfonioiden puhtaaksikirjoitus- ja editointiprojekti Tiedote 1\/2010 Erkki Melartin -seura on saanut Suomen Kulttuurirahastolta apurahaa Melartinin sinfonioiden modernien editioiden[&#8230;]<\/p>\n","protected":false},"author":1,"featured_media":0,"parent":15,"menu_order":0,"comment_status":"closed","ping_status":"closed","template":"","meta":{"footnotes":""},"class_list":["post-148","page","type-page","status-publish","hentry"],"_links":{"self":[{"href":"https:\/\/erkkimelartin.fi\/em\/index.php?rest_route=\/wp\/v2\/pages\/148","targetHints":{"allow":["GET"]}}],"collection":[{"href":"https:\/\/erkkimelartin.fi\/em\/index.php?rest_route=\/wp\/v2\/pages"}],"about":[{"href":"https:\/\/erkkimelartin.fi\/em\/index.php?rest_route=\/wp\/v2\/types\/page"}],"author":[{"embeddable":true,"href":"https:\/\/erkkimelartin.fi\/em\/index.php?rest_route=\/wp\/v2\/users\/1"}],"replies":[{"embeddable":true,"href":"https:\/\/erkkimelartin.fi\/em\/index.php?rest_route=%2Fwp%2Fv2%2Fcomments&post=148"}],"version-history":[{"count":6,"href":"https:\/\/erkkimelartin.fi\/em\/index.php?rest_route=\/wp\/v2\/pages\/148\/revisions"}],"predecessor-version":[{"id":525,"href":"https:\/\/erkkimelartin.fi\/em\/index.php?rest_route=\/wp\/v2\/pages\/148\/revisions\/525"}],"up":[{"embeddable":true,"href":"https:\/\/erkkimelartin.fi\/em\/index.php?rest_route=\/wp\/v2\/pages\/15"}],"wp:attachment":[{"href":"https:\/\/erkkimelartin.fi\/em\/index.php?rest_route=%2Fwp%2Fv2%2Fmedia&parent=148"}],"curies":[{"name":"wp","href":"https:\/\/api.w.org\/{rel}","templated":true}]}}