{"id":19,"date":"2017-02-10T17:13:00","date_gmt":"2017-02-10T17:13:00","guid":{"rendered":"https:\/\/erkkimelartin.fi\/em\/?page_id=19"},"modified":"2017-11-01T18:23:33","modified_gmt":"2017-11-01T18:23:33","slug":"iii-aania","status":"publish","type":"page","link":"https:\/\/erkkimelartin.fi\/em\/?page_id=19","title":{"rendered":"Audio"},"content":{"rendered":"<p>Erkki Melartiniin liittyvi\u00e4 vapaasti k\u00e4ytett\u00e4viss\u00e4 olevia \u00e4\u00e4nitiedostoja.<\/p>\n<h3><a href=\"https:\/\/erkkimelartin.fi\/em\/?page_id=362\">En rundvandring i Konservatoriet \u2013 Nuorekas ja innostunut Melartin ainutlaatuisessa historiallisessa haastattelussa kev\u00e4\u00e4ll\u00e4 1935<\/a><\/h3>\n<h3><a href=\"https:\/\/erkkimelartin.fi\/em\/?page_id=358\">Irma Melartin Pentti Savolaisen haastateltavana 9.11.2002<\/a><\/h3>\n","protected":false},"excerpt":{"rendered":"<p>Erkki Melartiniin liittyvi\u00e4 vapaasti k\u00e4ytett\u00e4viss\u00e4 olevia \u00e4\u00e4nitiedostoja. En rundvandring i Konservatoriet \u2013 Nuorekas ja innostunut Melartin ainutlaatuisessa historiallisessa haastattelussa kev\u00e4\u00e4ll\u00e4[&#8230;]<\/p>\n","protected":false},"author":1,"featured_media":0,"parent":13,"menu_order":0,"comment_status":"closed","ping_status":"closed","template":"","meta":{"footnotes":""},"class_list":["post-19","page","type-page","status-publish","hentry"],"_links":{"self":[{"href":"https:\/\/erkkimelartin.fi\/em\/index.php?rest_route=\/wp\/v2\/pages\/19","targetHints":{"allow":["GET"]}}],"collection":[{"href":"https:\/\/erkkimelartin.fi\/em\/index.php?rest_route=\/wp\/v2\/pages"}],"about":[{"href":"https:\/\/erkkimelartin.fi\/em\/index.php?rest_route=\/wp\/v2\/types\/page"}],"author":[{"embeddable":true,"href":"https:\/\/erkkimelartin.fi\/em\/index.php?rest_route=\/wp\/v2\/users\/1"}],"replies":[{"embeddable":true,"href":"https:\/\/erkkimelartin.fi\/em\/index.php?rest_route=%2Fwp%2Fv2%2Fcomments&post=19"}],"version-history":[{"count":9,"href":"https:\/\/erkkimelartin.fi\/em\/index.php?rest_route=\/wp\/v2\/pages\/19\/revisions"}],"predecessor-version":[{"id":364,"href":"https:\/\/erkkimelartin.fi\/em\/index.php?rest_route=\/wp\/v2\/pages\/19\/revisions\/364"}],"up":[{"embeddable":true,"href":"https:\/\/erkkimelartin.fi\/em\/index.php?rest_route=\/wp\/v2\/pages\/13"}],"wp:attachment":[{"href":"https:\/\/erkkimelartin.fi\/em\/index.php?rest_route=%2Fwp%2Fv2%2Fmedia&parent=19"}],"curies":[{"name":"wp","href":"https:\/\/api.w.org\/{rel}","templated":true}]}}