{"id":2,"date":"2017-02-03T08:20:06","date_gmt":"2017-02-03T08:20:06","guid":{"rendered":"https:\/\/erkkimelartin.fi\/em\/?page_id=2"},"modified":"2018-11-16T14:27:43","modified_gmt":"2018-11-16T14:27:43","slug":"sample-page","status":"publish","type":"page","link":"https:\/\/erkkimelartin.fi\/em\/?page_id=2","title":{"rendered":"El\u00e4m\u00e4nvaiheet &#8211; Life time"},"content":{"rendered":"<p>S\u00e4velt\u00e4j\u00e4 Erkki (Erik Gustaf) Melartin syntyi K\u00e4kisalmessa 7.2.1875 ja kuoli Helsingiss\u00e4 14.2.1937. Melartin oli sukupolvensa merkitt\u00e4vimpi\u00e4 s\u00e4velt\u00e4ji\u00e4. H\u00e4n oli aikansa tuotteliaimpia ja monipuolisimpia s\u00e4velt\u00e4ji\u00e4, jonka teoksia kuitenkin nykyisin kuullaan konserttiohjelmistoissa suhteellisen harvoin. H\u00e4nen l\u00e4hes kaikkia musiikin lajeja edustava s\u00e4vellystuotantonsa sis\u00e4lt\u00e4\u00e4 kuusi sinfoniaa, orkesteri- ja kamarimusiikkia, 350 pianoteosta, yli 300 laulua, oopperan <i>Aino<\/i>, baletin <i>Sininen helmi<\/i>, n\u00e4ytelm\u00e4musiikkia, lastenlauluja, pari sataa karjalaista kansanlaulusovitusta ja jopa iskelmi\u00e4 salanimell\u00e4 <strong>Eero Mela<\/strong>. Melartinin s\u00e4velkieleen sis\u00e4ltyy s\u00e4vyj\u00e4 niin kansallisromantiikasta, impressionismista kuin ekspressionismistakin.<\/p>\n<p>Huomionarvoista Erkki Melartinin el\u00e4m\u00e4nty\u00f6t\u00e4 tarkasteltaessa on se, ett\u00e4 h\u00e4n ehti jakaa aikansa s\u00e4vellysty\u00f6n ja vaativien organisatoristen johtoteht\u00e4vien kesken. Vuosina 1908-1911 h\u00e4n toimi Viipurin musiikinyst\u00e4vien orkesterin johtajana. H\u00e4n perusti Viipuriin my\u00f6s orkesterikoulun, jossa h\u00e4n toimi johtajana ja opettajana vuoteen 1911. Samana vuonna h\u00e4net kutsuttiin Helsingin Musiikkiopiston, nykyisen Sibelius-Akatemian johtajaksi. Melartinin johtajakausi 1911-1936 merkitsi t\u00e4rke\u00e4\u00e4 kehitysjaksoa, jolloin opisto laajeni konservatorioksi ja korkeakoulutasoiseksi musiikkioppilaitokseksi.<\/p>\n<p>Avarakatseisena ja kannustavana opettajana Melartin kasvatti kokonaisen uuden s\u00e4velt\u00e4j\u00e4sukupolven, jonka tunnetuimpia edustajia ovat Aarre Merikanto, Yrj\u00f6 Kilpinen, V\u00e4in\u00f6 Raitio, Ilmari Hannikainen, Uuno Klami, Sulho Ranta ja Helvi Leivisk\u00e4. S\u00e4velt\u00e4jien tekij\u00e4noikeusj\u00e4rjest\u00f6 Teoston puheenjohtajana Melartin toimi vuosina 1928-1937.\u00a0Savonlinnan musiikkiopisto j\u00e4rjest\u00e4\u00e4 joka toinen vuosi valtakunnallisen Erkki Melartin -kamarimusiikkikilpailun, jonka ohjelmistossa on pakollisena my\u00f6s Melartinin teoksia.<\/p>\n<p>Erkki Melartin oli harvinaisen laaja-alainen persoonallisuus. H\u00e4nen harrastuksensa ulottuivat kuvataiteista kirjallisuuteen, filosofiaan, teosofiaan, puutarhanhoitoon ja valokuvaukseen, puhumattakaan exlibriksist\u00e4, postikorteista ja postimerkeist\u00e4, joiden innokas ker\u00e4ilij\u00e4 h\u00e4n oli. H\u00e4n oli my\u00f6s taidemaalari (2 julkista taiden\u00e4yttely\u00e4) ja mietelm\u00e4kirjailija (vuonna 1928 aforismikokoelma <i>Min\u00e4 uskon<\/i>, ruotsiksi <i>Credo<\/i>). Maailmankuvaansa h\u00e4n laajensi lukuisilla matkoilla, jotka ulottuivat aina Egyptiin, Afrikkaan ja Intiaan saakka. Melartinilla oli eritt\u00e4in laaja kansainv\u00e4linen yst\u00e4v\u00e4joukko, jonka kanssa h\u00e4n oli vilkkaassa kirjeenvaihdossa. Lukuisat s\u00e4vellysten omistukset kertovat n\u00e4ist\u00e4 yst\u00e4vyyssuhteista. Erkki Melartin on haudattu Hietaniemen hautausmaalle Helsingin T\u00f6\u00f6l\u00f6ss\u00e4. Taiteilija <strong>Oiva Hellen<\/strong> muotoilema hautamuistomerkki l\u00f6ytyy Hietaniemen alueen korttelista nro 28 rivilt\u00e4 5.<\/p>\n<p>Erkki Melartinin perusteellinen el\u00e4m\u00e4kerta on tekeill\u00e4 (Tuire Ranta-Meyer), mutta toistaiseksi laajin ja perusteellisin henkil\u00f6historiallinen tieto l\u00f6ytyy teoksesta <i>Suomalaisia s\u00e4velt\u00e4ji\u00e4<\/i> (Otava 1994) ja hieman vanhemmista teoksista <i>Suomen s\u00e4velt\u00e4ji\u00e4 puolentoista vuosisadan ajalta<\/i> (WSOY 1945) ja <i>Suomen s\u00e4velt\u00e4ji\u00e4. Ensimm\u00e4inen osa : Erik Tulindbergist\u00e4 Armas Launikseen<\/i> (WSOY 1965).<\/p>\n","protected":false},"excerpt":{"rendered":"<p>S\u00e4velt\u00e4j\u00e4 Erkki (Erik Gustaf) Melartin syntyi K\u00e4kisalmessa 7.2.1875 ja kuoli Helsingiss\u00e4 14.2.1937. Melartin oli sukupolvensa merkitt\u00e4vimpi\u00e4 s\u00e4velt\u00e4ji\u00e4. H\u00e4n oli aikansa[&#8230;]<\/p>\n","protected":false},"author":1,"featured_media":0,"parent":13,"menu_order":0,"comment_status":"closed","ping_status":"open","template":"","meta":{"footnotes":""},"class_list":["post-2","page","type-page","status-publish","hentry"],"_links":{"self":[{"href":"https:\/\/erkkimelartin.fi\/em\/index.php?rest_route=\/wp\/v2\/pages\/2","targetHints":{"allow":["GET"]}}],"collection":[{"href":"https:\/\/erkkimelartin.fi\/em\/index.php?rest_route=\/wp\/v2\/pages"}],"about":[{"href":"https:\/\/erkkimelartin.fi\/em\/index.php?rest_route=\/wp\/v2\/types\/page"}],"author":[{"embeddable":true,"href":"https:\/\/erkkimelartin.fi\/em\/index.php?rest_route=\/wp\/v2\/users\/1"}],"replies":[{"embeddable":true,"href":"https:\/\/erkkimelartin.fi\/em\/index.php?rest_route=%2Fwp%2Fv2%2Fcomments&post=2"}],"version-history":[{"count":5,"href":"https:\/\/erkkimelartin.fi\/em\/index.php?rest_route=\/wp\/v2\/pages\/2\/revisions"}],"predecessor-version":[{"id":513,"href":"https:\/\/erkkimelartin.fi\/em\/index.php?rest_route=\/wp\/v2\/pages\/2\/revisions\/513"}],"up":[{"embeddable":true,"href":"https:\/\/erkkimelartin.fi\/em\/index.php?rest_route=\/wp\/v2\/pages\/13"}],"wp:attachment":[{"href":"https:\/\/erkkimelartin.fi\/em\/index.php?rest_route=%2Fwp%2Fv2%2Fmedia&parent=2"}],"curies":[{"name":"wp","href":"https:\/\/api.w.org\/{rel}","templated":true}]}}