{"id":21,"date":"2017-02-10T17:13:54","date_gmt":"2017-02-10T17:13:54","guid":{"rendered":"https:\/\/erkkimelartin.fi\/em\/?page_id=21"},"modified":"2020-07-13T14:51:15","modified_gmt":"2020-07-13T14:51:15","slug":"iv-muita-dokumentteja","status":"publish","type":"page","link":"https:\/\/erkkimelartin.fi\/em\/?page_id=21","title":{"rendered":"Artikkelit verkossa &#8211; Articles"},"content":{"rendered":"<p>Erkki Melartinin el\u00e4m\u00e4\u00e4n ja el\u00e4m\u00e4nty\u00f6h\u00f6n liittyvi\u00e4 artikkeleita ja muita dokumentteja avoimessa verkossa.\u00a0 &#8211; Articles and documents about Erkki Melartin&#8217;s life and work, all free for use.<strong><br \/><\/strong><\/p>\n<p>Poroila, Heikki<\/p>\n<ul>\n<li><a href=\"https:\/\/erkkimelartin.fi\/em\/wp-content\/uploads\/2017\/02\/Opuksella-vai-ilman.pdf\">Opuksella vai ilman? &#8211; Suomalaisten s\u00e4velt\u00e4jien ja kustantajien salattu maailma<\/a> &#8211; Julkaisussa: Musiikki 1\/2015<\/li>\n<li><em>Tuntematon Erkki Melartin<\/em> &#8211; esitelm\u00e4 Melartin-seuran syyskokouksessa 30.11.2016. <a href=\"https:\/\/erkkimelartin.fi\/em\/wp-content\/uploads\/2017\/02\/Tuntematon-Erkki-Melartin.pdf\">Esitelm\u00e4n teksti<\/a> ja sit\u00e4 tukeva <a href=\"https:\/\/erkkimelartin.fi\/em\/wp-content\/uploads\/2017\/02\/Tuntematon-Melartin.ppt\">PowerPoint-esitys<\/a>.<\/li>\n<\/ul>\n<p>Ranta-Meyer, Tuire<\/p>\n<ul>\n<li><a href=\"https:\/\/erkkimelartin.fi\/em\/wp-content\/uploads\/2017\/02\/Back-to-the-future.pdf\">Back to the future &#8211; the modern world of Melartin\u00b4s songs<\/a> (Highlights 2004, Fennica Gehrman)<\/li>\n<li><a href=\"https:\/\/erkkimelartin.fi\/em\/wp-content\/uploads\/2020\/07\/Erkki-Melartin_-rediscovering-a-remarkable-Finnish-composer.pdf\">Erkki Melartin: rediscovering a remarkable Finnish composer<\/a> (Finnish Music Quarterly 30.6.2016)<\/li>\n<li><a href=\"https:\/\/erkkimelartin.fi\/em\/wp-content\/uploads\/2017\/02\/elamanvoima.jpg\">Erkki Melartinin el\u00e4m\u00e4nvoima kumpusi s\u00e4velt\u00e4misest\u00e4<\/a> (It\u00e4-Savo 2004, ilmoitusliite Erkki Melartin -kamarimusiikkikilpailujen yhteydess\u00e4)<\/li>\n<li><a href=\"http:\/\/blogs.helsinki.fi\/minunaarteeni\/2015\/08\/24\/inspiraatiota-ja-elamanvoimaa-erkki-melartinin-arkistosta\/\">Inspiraatiota ja el\u00e4m\u00e4nvoimaa Erkki Melartinin arkistosta<\/a> (Kansalliskirjaston Minun aarteeni -sarja. Julkaistu 24.8.2015)<\/li>\n<li><a href=\"https:\/\/erkkimelartin.fi\/em\/wp-content\/uploads\/2020\/07\/Connections_conspiracies-and-collusion-TRM-FMQ-2007_1.pdf\">Melartin, Sibelius and Kajanus: Connections, conspiracies and collusion<\/a> (Finnish Music Quarterly 1\/2007 (julkaistaan FMQ:n yst\u00e4v\u00e4llisell\u00e4 luvalla)<\/li>\n<li><a href=\"https:\/\/erkkimelartin.fi\/em\/wp-content\/uploads\/2017\/02\/Musiikki-joka-muutti-minut.jpg\">Musiikki joka muutti minut<\/a> (Rondo 1\/2005)<\/li>\n<\/ul>\n\n\n<p><\/p>\n","protected":false},"excerpt":{"rendered":"<p>Erkki Melartinin el\u00e4m\u00e4\u00e4n ja el\u00e4m\u00e4nty\u00f6h\u00f6n liittyvi\u00e4 artikkeleita ja muita dokumentteja avoimessa verkossa.\u00a0 &#8211; Articles and documents about Erkki Melartin&#8217;s life[&#8230;]<\/p>\n","protected":false},"author":1,"featured_media":0,"parent":13,"menu_order":0,"comment_status":"closed","ping_status":"closed","template":"","meta":{"footnotes":""},"class_list":["post-21","page","type-page","status-publish","hentry"],"_links":{"self":[{"href":"https:\/\/erkkimelartin.fi\/em\/index.php?rest_route=\/wp\/v2\/pages\/21","targetHints":{"allow":["GET"]}}],"collection":[{"href":"https:\/\/erkkimelartin.fi\/em\/index.php?rest_route=\/wp\/v2\/pages"}],"about":[{"href":"https:\/\/erkkimelartin.fi\/em\/index.php?rest_route=\/wp\/v2\/types\/page"}],"author":[{"embeddable":true,"href":"https:\/\/erkkimelartin.fi\/em\/index.php?rest_route=\/wp\/v2\/users\/1"}],"replies":[{"embeddable":true,"href":"https:\/\/erkkimelartin.fi\/em\/index.php?rest_route=%2Fwp%2Fv2%2Fcomments&post=21"}],"version-history":[{"count":21,"href":"https:\/\/erkkimelartin.fi\/em\/index.php?rest_route=\/wp\/v2\/pages\/21\/revisions"}],"predecessor-version":[{"id":653,"href":"https:\/\/erkkimelartin.fi\/em\/index.php?rest_route=\/wp\/v2\/pages\/21\/revisions\/653"}],"up":[{"embeddable":true,"href":"https:\/\/erkkimelartin.fi\/em\/index.php?rest_route=\/wp\/v2\/pages\/13"}],"wp:attachment":[{"href":"https:\/\/erkkimelartin.fi\/em\/index.php?rest_route=%2Fwp%2Fv2%2Fmedia&parent=21"}],"curies":[{"name":"wp","href":"https:\/\/api.w.org\/{rel}","templated":true}]}}