{"id":23,"date":"2017-02-10T17:16:18","date_gmt":"2017-02-10T17:16:18","guid":{"rendered":"https:\/\/erkkimelartin.fi\/em\/?page_id=23"},"modified":"2022-08-04T10:18:25","modified_gmt":"2022-08-04T10:18:25","slug":"v-nuotteja","status":"publish","type":"page","link":"https:\/\/erkkimelartin.fi\/em\/?page_id=23","title":{"rendered":"Nuotteja &#8211; Scores and prefaces"},"content":{"rendered":"<p>P\u00e4\u00e4osin Erkki Melartin -seura ry:n puhtaaksikirjoituttamia nuotteja PDF-muodossa. Erkki Melartin on s\u00e4velt\u00e4j\u00e4n\u00e4 tekij\u00e4noikeudellisesti vapaa, mutta jotkut h\u00e4nen lauluteoksistaan ovat edelleen suojattuja tekstin tekij\u00e4n pidemm\u00e4n suoja-ajan takia. N\u00e4ill\u00e4 sivuilla julkaistut nuotit ovat vapaasti k\u00e4ytett\u00e4viss\u00e4 ei-kaupallisiin tarkoituksiin. &#8211; <span style=\"color: #ff0000;\">All scores published here are free to study and download for non-commercial purposes. Hire materials are available from <a href=\"http:\/\/www.fennicagehrman.fi\/\">Fennica Gehrman<\/a>.<br \/><\/span><\/p>\n<p>Erkki Melartin -seura on saanut Kulttuurirahastolta apurahaa Melartinin sinfonioiden tarkistettujen laitosten valmistamiseksi. Oheisista linkeist\u00e4 p\u00e4\u00e4see tutkimaan valmistuneiden sinfonioiden partituureja ja tutustumaan <strong>Tuire Ranta-Meyerin<\/strong> ja puhtaaksikirjoitusty\u00f6n tekij\u00e4n, <strong>Jani Kyll\u00f6sen<\/strong> kirjoittamiin esipuheisiin. Sinfonioiden tarkistettujen laitosten maksullisia orkesteriaineistoja v\u00e4litt\u00e4\u00e4 yksinoikeudella <a href=\"http:\/\/www.fennicagehrman.fi\/\">Fennica Gehrman<\/a>.<\/p>\n<p><big>Sinfonia nro 1, op. 30, nro 1, c-molli<\/big><\/p>\n<ul>\n<li><a href=\"https:\/\/erkkimelartin.fi\/em\/wp-content\/uploads\/2017\/02\/Sinfonia-1-esipuhe.pdf\">Esipuhe<\/a><\/li>\n<li><a href=\"https:\/\/erkkimelartin.fi\/em\/wp-content\/uploads\/2020\/06\/Symphony-1-preface.pdf\">Preface to the score of Symphony No. 1, op. 30, no 1, C minor by Erkki Melartin<\/a><\/li>\n<li><a href=\"https:\/\/erkkimelartin.fi\/em\/wp-content\/uploads\/2017\/09\/Sinfonia-1-score.pdf\">Partituuri \/ Score<\/a>\u00a0(korjattu versio \/ corrected version 9\/2017)<\/li>\n<\/ul>\n<p><big>Sinfonia nro 2, op. 30, nro 2, e-molli<\/big><\/p>\n<ul>\n<li><a href=\"https:\/\/erkkimelartin.fi\/em\/wp-content\/uploads\/2019\/06\/Sinfonia-2-esipuhe.pdf\">Esipuhe<\/a><\/li>\n<li><a href=\"https:\/\/erkkimelartin.fi\/em\/wp-content\/uploads\/2020\/06\/Symphony-2-preface.pdf\">Preface to the score of Symphony No 2, op. 30, no 2, E minor by Erkki Melartin<\/a><\/li>\n<li><a href=\"https:\/\/erkkimelartin.fi\/em\/wp-content\/uploads\/2019\/06\/Sinfonia-2-score.pdf\">Partituuri \/ Score<\/a><\/li>\n<\/ul>\n<p><big>Sinfonia nro 3, op. 40, F-duuri<\/big><\/p>\n<ul>\n<li><a href=\"https:\/\/erkkimelartin.fi\/em\/wp-content\/uploads\/2017\/02\/Sinfonia-3-esipuhe.pdf\">Esipuhe<\/a><\/li>\n<li><a href=\"https:\/\/erkkimelartin.fi\/em\/wp-content\/uploads\/2017\/02\/Symphony-3-preface.pdf\">Preface to the score of Symphony No. 3, op. 40, F major by Erkki Melartin<\/a><\/li>\n<li><a href=\"https:\/\/erkkimelartin.fi\/em\/wp-content\/uploads\/2017\/02\/Sinfonia-3-score.pdf\">Partituuri \/ Score<\/a>\u00a0 ISMN 979-0-55011-134-9<\/li>\n<\/ul>\n<p><big>Sinfonia nro 4, op. 80, E-duuri<\/big><\/p>\n<ul>\n<li><a href=\"https:\/\/erkkimelartin.fi\/em\/wp-content\/uploads\/2017\/02\/Sinfonia-4-esipuhe.pdf\">Esipuhe<\/a><\/li>\n<li><a href=\"https:\/\/erkkimelartin.fi\/em\/wp-content\/uploads\/2017\/02\/Symphony-4-preface.pdf\">Preface to the score of Symphony No. 4, op. 80, E major by Erkki Melartin<\/a><\/li>\n<li><a href=\"https:\/\/erkkimelartin.fi\/em\/wp-content\/uploads\/2017\/02\/Sinfonia-4-score.pdf\">Partituuri \/ Score<\/a> ISMN 979-0-55011-135-6 (korjattu kes\u00e4kuussa 2016 \/ corrected version June 2016)<\/li>\n<\/ul>\n<p><big>Sinfonia nro 5, op. 90, a-molli (&#8220;Sinfonia brevis&#8221;)<\/big><\/p>\n<ul>\n<li><a href=\"https:\/\/erkkimelartin.fi\/em\/wp-content\/uploads\/2017\/02\/Sinfonia-5-esipuhe.pdf\">Esipuhe <\/a><\/li>\n<li><a href=\"https:\/\/erkkimelartin.fi\/em\/wp-content\/uploads\/2017\/02\/Symphony-5-preface.pdf\">Preface to the score of Symphony No. 5, op. 90, a minor (Sinfonia brevis) by Erkki Melartin<\/a><\/li>\n<li><a href=\"https:\/\/erkkimelartin.fi\/em\/wp-content\/uploads\/2018\/11\/Sinfonia-5-score.pdf\">Partituuri \/ Score<\/a> ISMN 979-0-55011-136-3 (korjattu marraskuussa 2018 \/ corrected version November 2018)<\/li>\n<\/ul>\n<p><big>Sinfonia nro 6, op. 100<\/big><\/p>\n<ul>\n<li><a href=\"https:\/\/erkkimelartin.fi\/em\/wp-content\/uploads\/2020\/05\/Sinfonia-6-esipuhe.docx\">Esipuhe<\/a><\/li>\n<li><a href=\"https:\/\/erkkimelartin.fi\/em\/wp-content\/uploads\/2020\/06\/Symphony-6-preface.pdf\">Preface to the score of Symphony No. 6, op. 100 by Erkki Melartin<\/a><\/li>\n<li><a href=\"https:\/\/erkkimelartin.fi\/em\/wp-content\/uploads\/2022\/08\/Sinfonia-6-score.pdf\">Partituuri \/ Score<\/a> (korjattu 4.8.2022 \/ corrected version August 4 2022)<\/li>\n<\/ul>\n<p><big>Marjatta, op. 79 <br \/><\/big><\/p>\n<ul>\n<li><a href=\"https:\/\/erkkimelartin.fi\/em\/wp-content\/uploads\/2017\/02\/Marjatta-esipuhe.pdf\">Esipuhe<\/a><\/li>\n<li><a href=\"https:\/\/erkkimelartin.fi\/em\/wp-content\/uploads\/2017\/02\/Marjatta-preface.pdf\">Preface to the score of symphonic song Marjatta, op. 79 by Erkki Melartin<\/a><\/li>\n<li><a href=\"https:\/\/erkkimelartin.fi\/em\/wp-content\/uploads\/2017\/06\/Marjatta_score.pdf\">Partituuri\u00a0 \/ Score<\/a> ISMN 979-0-5501-224-7 (corrected version 23.6.2017)<\/li>\n<li><a href=\"https:\/\/erkkimelartin.fi\/em\/wp-content\/uploads\/2017\/02\/Marjatta-Vocal-score_final.pdf\">Pianopartituuri \/ Vocal score by the composer <\/a>ISMN 979-0-5501-225-4<\/li>\n<\/ul>\n<p><big>Traumgesicht, op. 70<\/big><\/p>\n<ul>\n<li><a href=\"https:\/\/erkkimelartin.fi\/em\/wp-content\/uploads\/2017\/02\/Traumgesicht-esipuhe.pdf\">Esipuhe<\/a><\/li>\n<li><a href=\"https:\/\/erkkimelartin.fi\/em\/wp-content\/uploads\/2017\/02\/Traumgesicht-preface.pdf\">Preface to the score of\u00a0 symphonic poem Traumgesicht, op. 70 by Erkki Melartin<\/a><\/li>\n<li><a href=\"https:\/\/erkkimelartin.fi\/em\/wp-content\/uploads\/2017\/06\/Traumgesicht_score.pdf\">Partituuri \/ Score<\/a> ISMN 979-0-55011-150-9 (korjattu kes\u00e4kuussa 2017 \/ corrected version June 2017)<\/li>\n<\/ul>\n<p><big>V\u00e4in\u00e4m\u00f6inen luo kanteleen, EM256<\/big><\/p>\n<ul>\n<li><a href=\"https:\/\/erkkimelartin.fi\/em\/wp-content\/uploads\/2017\/02\/V\u00e4in\u00e4m\u00f6inen-luo-kanteleen-esipuhe.pdf\">Esipuhe<\/a><\/li>\n<li><a href=\"https:\/\/erkkimelartin.fi\/em\/wp-content\/uploads\/2020\/06\/Vainamoinen-creates-kantele-preface.pdf\">Preface to the score of V\u00e4in\u00e4m\u00f6inen Creates The Kantele, EM256 by Erkki Melartin<\/a><\/li>\n<li><a href=\"https:\/\/erkkimelartin.fi\/em\/wp-content\/uploads\/2017\/02\/Vainamoinen-luo-kanteleen-Score.pdf\">Partituuri\u00a0 \/ Score<\/a> ISMN 979-0-5501-224-7<\/li>\n<\/ul>\n<p><big>Sepp\u00e4 ja liekki, op. 183<\/big><\/p>\n<ul>\n<li><a href=\"https:\/\/erkkimelartin.fi\/em\/wp-content\/uploads\/2017\/02\/EMop183.pdf\">Partituuri \/ Score<\/a><\/li>\n<li>Kyseess\u00e4 on Melartinin Kalevala-juhlille 1935 s\u00e4velt\u00e4m\u00e4 pianoteos, jota ei kuitenkaan esitetty juhlilla. Puhtaaksikirjoituksen on tehnyt Jani Kyll\u00f6nen.<\/li>\n<\/ul>\n<p><big>Koulutiell\u00e4, EM117<\/big><br \/>Porin Tipulan Seniorit ry julkaisi vuonna 1980 LP-levyn, joka sis\u00e4lt\u00e4\u00e4 mm. Erkki Melartinin vuonna 1930 Porin tytt\u00f6lyseon 50-vuotisjuhlille s\u00e4velt\u00e4m\u00e4n kantaatin lausujalle, kuorolle ja pienelle yhtyeelle <em>Koulutiell\u00e4<\/em> (EM117) <strong>Anna Purasen<\/strong> tekstiin. Kun t\u00e4m\u00e4 \u00e4\u00e4nilevy on nyky\u00e4\u00e4n perin harvinainen, Porin Tipulan Seniorit ry on halunnut tarjota Melartinin s\u00e4vellyksen my\u00f6s suoraan verkon kautta kuunneltavaksi tai ladattavaksi.<\/p>\n<ul>\n<li>Koulutiell\u00e4, EM117 (Porin Tipulan Seniorit 1980) <a href=\"https:\/\/erkkimelartin.fi\/em\/wp-content\/uploads\/2017\/02\/Koulutiell\u00e4-EM117.mp3\">\u00c4\u00e4nite<\/a><\/li>\n<li>Koulutiell\u00e4, EM117 &#8211; LP-levyn <a href=\"https:\/\/erkkimelartin.fi\/em\/wp-content\/uploads\/2017\/02\/Koulutiell\u00e4_LP_01.jpg\">etu-<\/a> ja <a href=\"https:\/\/erkkimelartin.fi\/em\/wp-content\/uploads\/2017\/02\/Koulutiell\u00e4_LP_03.jpg\">takakansi<\/a><\/li>\n<li>Koulutiell\u00e4, EM117 <a href=\"https:\/\/erkkimelartin.fi\/em\/wp-content\/uploads\/2017\/02\/Koulutiell\u00e4.pdf\">Nuotti<\/a><\/li>\n<\/ul>\n\n\n<p><\/p>\n","protected":false},"excerpt":{"rendered":"<p>P\u00e4\u00e4osin Erkki Melartin -seura ry:n puhtaaksikirjoituttamia nuotteja PDF-muodossa. Erkki Melartin on s\u00e4velt\u00e4j\u00e4n\u00e4 tekij\u00e4noikeudellisesti vapaa, mutta jotkut h\u00e4nen lauluteoksistaan ovat edelleen[&#8230;]<\/p>\n","protected":false},"author":1,"featured_media":0,"parent":13,"menu_order":0,"comment_status":"closed","ping_status":"closed","template":"","meta":{"footnotes":""},"class_list":["post-23","page","type-page","status-publish","hentry"],"_links":{"self":[{"href":"https:\/\/erkkimelartin.fi\/em\/index.php?rest_route=\/wp\/v2\/pages\/23","targetHints":{"allow":["GET"]}}],"collection":[{"href":"https:\/\/erkkimelartin.fi\/em\/index.php?rest_route=\/wp\/v2\/pages"}],"about":[{"href":"https:\/\/erkkimelartin.fi\/em\/index.php?rest_route=\/wp\/v2\/types\/page"}],"author":[{"embeddable":true,"href":"https:\/\/erkkimelartin.fi\/em\/index.php?rest_route=\/wp\/v2\/users\/1"}],"replies":[{"embeddable":true,"href":"https:\/\/erkkimelartin.fi\/em\/index.php?rest_route=%2Fwp%2Fv2%2Fcomments&post=23"}],"version-history":[{"count":31,"href":"https:\/\/erkkimelartin.fi\/em\/index.php?rest_route=\/wp\/v2\/pages\/23\/revisions"}],"predecessor-version":[{"id":813,"href":"https:\/\/erkkimelartin.fi\/em\/index.php?rest_route=\/wp\/v2\/pages\/23\/revisions\/813"}],"up":[{"embeddable":true,"href":"https:\/\/erkkimelartin.fi\/em\/index.php?rest_route=\/wp\/v2\/pages\/13"}],"wp:attachment":[{"href":"https:\/\/erkkimelartin.fi\/em\/index.php?rest_route=%2Fwp%2Fv2%2Fmedia&parent=23"}],"curies":[{"name":"wp","href":"https:\/\/api.w.org\/{rel}","templated":true}]}}