{"id":25,"date":"2017-02-10T17:19:30","date_gmt":"2017-02-10T17:19:30","guid":{"rendered":"https:\/\/erkkimelartin.fi\/em\/?page_id=25"},"modified":"2024-11-20T22:32:42","modified_gmt":"2024-11-20T22:32:42","slug":"vi-teosluettelo","status":"publish","type":"page","link":"https:\/\/erkkimelartin.fi\/em\/?page_id=25","title":{"rendered":"Teosluettelo &#8211; Work catalog"},"content":{"rendered":"<p>Wikipediassa on <a href=\"https:\/\/fi.wikipedia.org\/wiki\/Luettelo_Erkki_Melartinin_s%C3%A4vellyksist%C3%A4\">systemaattinen teosluettelo,<\/a> joka pohjautuu tuoreimpaan teosluettelotietoon ja kattaa Melartinin koko tuotannon.<\/p>\n<p>Heikki Poroila: <i>Erkki Melartinin teosluettelo &#8211; Erkki Melartin Werkverzeichnis &#8211; Erkki Melartin Work Catalog<\/i> (Helsinki, Suomen musiikkikirjastoyhdistys, 2016). &#8211; Melko hyvin ajan tasalla oleva ja Melartinin tuotannon kattava luettelo, joka on j\u00e4rjestetty opusnumeroiden ja EM-numeroitujen teosten numeroj\u00e4rjestyksess\u00e4.\u00a0 Luettelon voi ostaa seuran kautta edulliseen 20 euron hintaan.<\/p>\n<p>Luettelosta on julkaistu my\u00f6s p\u00e4ivittyv\u00e4 <a href=\"http:\/\/www.heikkiporoila.fi\/hp\/teksteja\/honkakirja\/erkki-melartinin-teosluettelo\/\">PDF-versio<\/a>, joka sis\u00e4lt\u00e4\u00e4 korjausten lis\u00e4ksi my\u00f6s uudempaa informaation ja korjauksia. Jos etsit korostuneesti uusinta tietoa, k\u00e4yt\u00e4 PDF-versiota tai ota suoraan yhteytt\u00e4 tekij\u00e4\u00e4n <a href=\"mailto:heikki.poroila@gmail.com\">heikki.poroila@gmail.com<\/a>. Melartin-juhlavuoden 2025 aikana on tarkoitus julkaista entist\u00e4 ehompi PDF-muotoinen luettelo. Tiedotamme, kun se on saatavilla.<\/p>\n<p><img loading=\"lazy\" decoding=\"async\" class=\"size-medium wp-image-129 aligncenter\" src=\"https:\/\/erkkimelartin.fi\/em\/wp-content\/uploads\/2017\/02\/Melartin_Kansi-211x300.jpg\" alt=\"\" width=\"211\" height=\"300\" srcset=\"https:\/\/erkkimelartin.fi\/em\/wp-content\/uploads\/2017\/02\/Melartin_Kansi-211x300.jpg 211w, https:\/\/erkkimelartin.fi\/em\/wp-content\/uploads\/2017\/02\/Melartin_Kansi-768x1093.jpg 768w, https:\/\/erkkimelartin.fi\/em\/wp-content\/uploads\/2017\/02\/Melartin_Kansi-720x1024.jpg 720w\" sizes=\"auto, (max-width: 211px) 100vw, 211px\" \/><\/p>\n<p>Sibelius-Akatemian kirjaston arkistossa on Suomen suurin Melartin-k\u00e4sikirjoitusten kokoelma. Kokoelmasta on olemassa Heikki Poroilan laatima <a href=\"https:\/\/taju.uniarts.fi\/bitstream\/handle\/10024\/7166\/SibA_Mel_luettelo.pdf?sequence=1&amp;isAllowed=y\" target=\"_blank\" rel=\"noopener\">yksityiskohtainen luettelo<\/a> (luettelo on ep\u00e4tarkka, uudempi versio on valmisteilla). Useimmat k\u00e4sikirjoitukset on my\u00f6s digitoitu ja ne l\u00f6ytyv\u00e4t <a href=\"https:\/\/taju.uniarts.fi\/\" target=\"_blank\" rel=\"noopener\">Taju-tietokannasta<\/a> parhaiten t\u00e4m\u00e4n k\u00e4sikirjoitusluettelon numerolla.<\/p>\n","protected":false},"excerpt":{"rendered":"<p>Wikipediassa on systemaattinen teosluettelo, joka pohjautuu tuoreimpaan teosluettelotietoon ja kattaa Melartinin koko tuotannon. Heikki Poroila: Erkki Melartinin teosluettelo &#8211; Erkki[&#8230;]<\/p>\n","protected":false},"author":1,"featured_media":0,"parent":13,"menu_order":0,"comment_status":"closed","ping_status":"closed","template":"","meta":{"footnotes":""},"class_list":["post-25","page","type-page","status-publish","hentry"],"_links":{"self":[{"href":"https:\/\/erkkimelartin.fi\/em\/index.php?rest_route=\/wp\/v2\/pages\/25","targetHints":{"allow":["GET"]}}],"collection":[{"href":"https:\/\/erkkimelartin.fi\/em\/index.php?rest_route=\/wp\/v2\/pages"}],"about":[{"href":"https:\/\/erkkimelartin.fi\/em\/index.php?rest_route=\/wp\/v2\/types\/page"}],"author":[{"embeddable":true,"href":"https:\/\/erkkimelartin.fi\/em\/index.php?rest_route=\/wp\/v2\/users\/1"}],"replies":[{"embeddable":true,"href":"https:\/\/erkkimelartin.fi\/em\/index.php?rest_route=%2Fwp%2Fv2%2Fcomments&post=25"}],"version-history":[{"count":11,"href":"https:\/\/erkkimelartin.fi\/em\/index.php?rest_route=\/wp\/v2\/pages\/25\/revisions"}],"predecessor-version":[{"id":1059,"href":"https:\/\/erkkimelartin.fi\/em\/index.php?rest_route=\/wp\/v2\/pages\/25\/revisions\/1059"}],"up":[{"embeddable":true,"href":"https:\/\/erkkimelartin.fi\/em\/index.php?rest_route=\/wp\/v2\/pages\/13"}],"wp:attachment":[{"href":"https:\/\/erkkimelartin.fi\/em\/index.php?rest_route=%2Fwp%2Fv2%2Fmedia&parent=25"}],"curies":[{"name":"wp","href":"https:\/\/api.w.org\/{rel}","templated":true}]}}