{"id":27,"date":"2017-02-10T17:26:43","date_gmt":"2017-02-10T17:26:43","guid":{"rendered":"https:\/\/erkkimelartin.fi\/em\/?page_id=27"},"modified":"2025-05-14T21:13:10","modified_gmt":"2025-05-14T21:13:10","slug":"vii-bibliografia","status":"publish","type":"page","link":"https:\/\/erkkimelartin.fi\/em\/?page_id=27","title":{"rendered":"Bibliografia &#8211; Bibliography"},"content":{"rendered":"\n<p>Seuraavaan bibliografiaan on koottu julkaistut monografiat ja artikkelit,&nbsp; joissa Erkki Melartin on p\u00e4\u00e4kohteena tai kirjoittajana. Bibliografia on j\u00e4rjestetty kirjoittajan mukaan.<\/p>\n\n\n\n<p>&nbsp;<\/p>\n\n\n\n<p>Fantapi\u00e9, Henri-Claude<\/p>\n\n\n\n<ul class=\"wp-block-list\">\n<li>Erkki Melartin puolueellisesti n\u00e4htyn\u00e4 ja l\u00e4hinn\u00e4 ranskalaisin korvin kuultuna (suomennos Erkki Salmenhaara) &#8211; Julkaisussa: Musiikki 1-2\/2000<\/li>\n<\/ul>\n\n\n\n<p>H\u00e4rk\u00f6nen, Leo<\/p>\n\n\n\n<ul class=\"wp-block-list\">\n<li>Erkki Melartinin s\u00e4vellystuotanto. \u2013 Julkaisussa: S\u00e4velet\u00e4r 1926, nro 1, ss. 2-3<\/li>\n<\/ul>\n\n\n\n<p>Korhonen, Kimmo<\/p>\n\n\n\n<ul class=\"wp-block-list\">\n<li>Erkki Melartin. &#8211; Julkaisussa: Suomalainen orkesterimusiikki 1 (Fimic &amp; BTJ 1995), ss. 30-34<\/li>\n\n\n\n<li>Erkki Melartin. &#8211; Julkaisussa: Suomalainen kamarimusiikki (Fimic &amp; BTJ 1999), ss. 19-21<\/li>\n\n\n\n<li>Moniulotteinen Erkki Melartin. &#8211; Julkaisussa: Suomalainen pianomusiikki (Fimic &amp; BTJ 1996), ss. 29-31<\/li>\n<\/ul>\n\n\n\n<p>Kuusisto, Taneli<\/p>\n\n\n\n<ul class=\"wp-block-list\">\n<li>Opettajani Erkki Melartin &#8211; muistelmia. &#8211; Julkaisussa: Kirkkomusiikki 9\/1971<\/li>\n<\/ul>\n\n\n\n<p>Kyll\u00f6nen, Jani<\/p>\n\n\n\n<ul class=\"wp-block-list\">\n<li><em>Traumgesicht<\/em>. Y\u00f6llisten n\u00e4kyjen unohdettu runoelma &#8211; Julkaisussa: Musiikki 1\/2015<\/li>\n<\/ul>\n\n\n\n<p>Leivisk\u00e4, Helvi<\/p>\n\n\n\n<ul class=\"wp-block-list\">\n<li>Erkki Melartin opettajana. &#8211; Julkaisussa: Musiikkitieto 2\/1935, ss. 30-31<\/li>\n<\/ul>\n\n\n\n<p>Liljeroos, Mats<\/p>\n\n\n\n<ul class=\"wp-block-list\">\n<li>Ut ur den sibelianska slagskuggan &#8211; Dags f\u00f6r rehabilitering av symfonikern Melartin &#8211; Julkaisussa: Musiikki 1\/2015<\/li>\n<\/ul>\n\n\n\n<p>Maasalo, Kai<\/p>\n\n\n\n<ul class=\"wp-block-list\">\n<li>Erkki Melartin. \u2013 Julkaisussa: Suomalaisia s\u00e4vellyksi\u00e4 II : Melartinista Kilpiseen (WSOY, 1969), ss. 7-32<\/li>\n<\/ul>\n\n\n\n<p>Marvia, Einari<\/p>\n\n\n\n<ul class=\"wp-block-list\">\n<li>Erkki Melartin. &#8211; Julkaisussa: Suomen s\u00e4velt\u00e4ji\u00e4 puolentoista vuosisadan ajalta (WSOY 1945), ss. 342-359<\/li>\n\n\n\n<li>Erkki Melartin. &#8211; Julkaisussa: Suomen s\u00e4velt\u00e4ji\u00e4 I (WSOY 1965)<\/li>\n\n\n\n<li>Erkki Melartin. &#8211; Julkaisussa: Otavan iso musiikkitietosanakirja. Osa 4 (Otava 1978)<\/li>\n\n\n\n<li>Erkki Melartinin henkinen perint\u00f6 : Mietteit\u00e4 s\u00e4velt\u00e4j\u00e4n 70-vuotisp\u00e4iv\u00e4n\u00e4. &#8211; Julkaisussa: Musiikkitieto 2\/1945<\/li>\n\n\n\n<li>Erkki Melartinin satavuotismuisto. &#8211; Julkaisussa: Pieni Musiikkilehti 2\/1975<\/li>\n<\/ul>\n\n\n\n<p>Melartin, Erkki<\/p>\n\n\n\n<ul class=\"wp-block-list\">\n<li>Credo : Aforismer Op. 150 (Holger Schildts f\u00f6rlag 1928; toinen painos 1935, kolmas painos 1947)<\/li>\n\n\n\n<li>Min\u00e4 uskon : Mietelmi\u00e4 Op. 150 (Otava 1928; Piccolo 1966; Suomen musiikkikirjastoyhdistys 2000)<\/li>\n\n\n\n<li>Sinfonia brevis, n. 5 a-moll : Tematisk analys. \u2013 Julkaisussa: Tidning f\u00f6r musik 1\/1916<\/li>\n<\/ul>\n\n\n\n<p>Moilanen, Kaapro<\/p>\n\n\n\n<ul class=\"wp-block-list\">\n<li>Erkki Melartin 50-vuotias. &#8211; Julkaisussa: Nuorisoseura nro 2 1925<\/li>\n<\/ul>\n\n\n\n<p>Murtom\u00e4ki, Veijo<\/p>\n\n\n\n<ul class=\"wp-block-list\">\n<li>Erkki Melartinin Aino &#8211; suomalaisen oopperan varhainen mestariteos &#8211; Julkaisussa: Musiikki 1-2\/2000<\/li>\n<\/ul>\n\n\n\n<p>Parkkari, Martti<\/p>\n\n\n\n<ul class=\"wp-block-list\">\n<li>Bart\u00f3k, Prokofjev vai \u2026 Melartin? \u2013 Julkaisussa: Rondo 1\/1968, s. 9<\/li>\n<\/ul>\n\n\n\n<p>Pesola, V\u00e4in\u00f6<\/p>\n\n\n\n<ul class=\"wp-block-list\">\n<li>Piirtoja Erkki Melartinin luonnekuvaan. &#8211; Julkaisussa: Musiikkitieto 2\/1935<\/li>\n<\/ul>\n\n\n\n<p>Poroila, Heikki<\/p>\n\n\n\n<ul class=\"wp-block-list\">\n<li>Erkki Melartinin s\u00e4vellykset. Osa I : Valmistuneet s\u00e4vellykset (Suomen musiikkikirjastoyhdistys 2000) &#8211; Tiedoiltaan vanhentunut luettelo, jota ei ole en\u00e4\u00e4 syyt\u00e4 k\u00e4ytt\u00e4\u00e4.<\/li>\n\n\n\n<li>Erkki Melartinin teosluettelo &#8211; Erkki Melartin Werkverzeichnis &#8211; Erkki Melartin Work Catalog. &#8211; Helsinki : Suomen musiikkikirjastoyhdistys, 2016. &#8211; ISBN 978-952-5363-34-0. &#8211; Koko s\u00e4vellystuotannon kattava bibliografinen teosluettelo.<\/li>\n\n\n\n<li><a href=\"https:\/\/erkkimelartin.fi\/em\/wp-content\/uploads\/2017\/03\/SibA-Mel-luettelo.pdf\">Luettelo Erkki Melartinin s\u00e4vellysk\u00e4sikirjoituksista Sibelius-Akatemian kirjastossa<\/a> (moniste)<\/li>\n\n\n\n<li><a href=\"https:\/\/erkkimelartin.fi\/em\/wp-content\/uploads\/2017\/02\/Opuksella-vai-ilman.pdf\">Opuksella vai ilman &#8211; Suomalaisten s\u00e4velt\u00e4jien ja kustantajien salattu maailma<\/a>. &#8211;\u00a0 Julkaisussa Musiikki 1\/2015.<\/li>\n\n\n\n<li>Yhten\u00e4istetty Erkki Melartin : Teosten yhten\u00e4istettyjen nimekkeiden ohjeluettelo. &#8211; Helsinki : Suomen musiikkikirjastoyhdistys, 2017. <span class=\"subfieldData\">Kirjastojen luetteloijille tarkoitettu opas. <a href=\"http:\/\/heikkiporoila.fi\/hp\/wp-content\/uploads\/2017\/02\/Melartin.pdf\">PDF-luettelo<\/a>.<\/span><\/li>\n<\/ul>\n\n\n\n<p>Ranta, Sulho<\/p>\n\n\n\n<ul class=\"wp-block-list\">\n<li>V\u00e4h\u00e4n Erkki Melartinista opettajana. &#8211; Julkaisussa: Suomen Musiikkilehti 2\/1925<\/li>\n<\/ul>\n\n\n\n<p>Ranta-Meyer, Tuire<\/p>\n\n\n\n<ul class=\"wp-block-list\">\n<li><a href=\"https:\/\/erkkimelartin.fi\/em\/wp-content\/uploads\/2017\/02\/Back-to-the-future.pdf\">Back to the future &#8211; the modern world of Melartin\u00b4s songs<\/a> &#8211; Julkaisussa: Highlights 2004, Fennica Gehrman<\/li>\n\n\n\n<li>Connections, conspiracies and collusion &#8211; Melartin, Sibelius and Kajanus &#8211; Julkaisussa: Finnish Music Quarterly 2\/2007<\/li>\n\n\n\n<li>Ei p\u00e4iv\u00e4\u00e4 ilman kyn\u00e4npiirtoa : Erkki Melartinin s\u00e4velt\u00e4j\u00e4nty\u00f6, teosten tyyli ja vastaanotto vuosina 1896-1911 (Jyv\u00e4skyl\u00e4n yliopisto, Musiikin laitos, 2003, lisensiaatintutkielma)<\/li>\n\n\n\n<li>Erkki Melartin, Jean Sibelius ja Robert Kajanus : Suhteista, vaikutteista ja vallank\u00e4yt\u00f6st\u00e4. &#8211; Julkaisussa: Musiikki 3\/2004, ss. 41-63<\/li>\n\n\n\n<li><a href=\"https:\/\/erkkimelartin.fi\/em\/wp-content\/uploads\/2017\/02\/elamanvoima.jpg\">Erkki Melartinin el\u00e4m\u00e4nvoima kumpusi s\u00e4velt\u00e4misest\u00e4<\/a> &#8211; Julkaisussa: It\u00e4-Savo 2004, ilmoitusliite Erkki Melartin -kamarimusiikkikilpailujen yhteydess\u00e4<\/li>\n\n\n\n<li>Erkki Melartinin s\u00e4velt\u00e4j\u00e4nty\u00f6 vuosina 1896-1903 (Helsingin yliopisto, 1992, pro gradu -tutkielma)<\/li>\n\n\n\n<li><a href=\"http:\/\/blogs.helsinki.fi\/minunaarteeni\/2015\/08\/24\/inspiraatiota-ja-elamanvoimaa-erkki-melartinin-arkistosta\/\">Inspiraatiota ja el\u00e4m\u00e4nvoimaa Erkki Melartinin arkistosta<\/a> &#8211; Julkaisussa: Kansalliskirjaston Minun aarteeni -sarja. Julkaistu 24.8.2015<\/li>\n\n\n\n<li>Melartinin Aino-oopperan reseptiohistoria. \u2013 Julkaisussa: Musiikki 2\/2008, ss. 43-86<\/li>\n\n\n\n<li>Melartin-tutkimus &#8211; Julkaisussa: Musiikki 1-2\/2000<\/li>\n\n\n\n<li><a href=\"https:\/\/erkkimelartin.fi\/em\/wp-content\/uploads\/2017\/02\/Musiikki-joka-muutti-minut.jpg\">Musiikki joka muutti minut<\/a>Julkaisussa: Rondo 1\/2005<\/li>\n\n\n\n<li><em>Nulla dies sine linea : Avauksia Erkki Melartinin vaikutteisiin, verkostoihin ja vastaanottoon henkil\u00f6- ja reseptiohistoriallisena tutkimuksena<\/em>. &#8211; Jyv\u00e4skyl\u00e4 : Jyv\u00e4skyl\u00e4n yliopisto, 2008. &#8211; Jyv\u00e4skyl\u00e4 studies in humanities, 1459-4323; 97.\u00a0 &#8211; ISBN 978-951-39-3257-2. &#8211; V\u00e4it\u00f6skirja.<\/li>\n\n\n\n<li><em>N\u00e4hd\u00e4 hyv\u00e4\u00e4 kaikissa : Erkki Melartin opettajana ja musiikkiel\u00e4m\u00e4n kehitt\u00e4j\u00e4n\u00e4<\/em>. &#8211; Helsinki : Suomen musiikkikirjastoyhdistys, 2008. &#8211; ISBN 978-952-5363-27-2. V\u00e4it\u00f6skirjaan liittyv\u00e4 erillistutkimus.<\/li>\n\n\n\n<li><em>Traumgesicht<\/em>. Y\u00f6llisten n\u00e4kyjen unohdettu runoelma &#8211; Julkaisussa: Musiikki 1\/2015<\/li>\n\n\n\n<li>Vaikutteet, vastaanotto ja tulkintamahdollisuudet &#8211; Erkki Melartinin <em>Marjatta<\/em>, legenda sopraanolle ja orkesterille &#8211; Julkaisussa: Musiikki 1\/2015<\/li>\n<\/ul>\n\n\n\n<p>Salmenhaara, Erkki<\/p>\n\n\n\n<ul class=\"wp-block-list\">\n<li>Erkki Melartin. &#8211; Julkaisussa: Musiikki : Suuri musiikkitietosanakirja 4 (Weilin + G\u00f6\u00f6s 1991), ss. 146-147<\/li>\n\n\n\n<li>Erkki Melartin. &#8211; Julkaisussa: Suomalaisia s\u00e4velt\u00e4ji\u00e4 (Otava 1994)\u00a0 ss. 304-313<\/li>\n\n\n\n<li>Erkki Melartin: Kansanlaulun ja modernismin synteesi. &#8211; Julkaisussa: Suomen musiikin historia 2 (WSOY 1996)<\/li>\n\n\n\n<li>Erkki Melartin sinfonikkona &#8211; Julkaisussa: Musiikki 1-2\/2000<\/li>\n<\/ul>\n\n\n\n<p>Siukonen, Viljo<\/p>\n\n\n\n<ul class=\"wp-block-list\">\n<li>Erkki Melartin ja Suomen Musiikkipedagogien Liitto. &#8211; Julkaisussa: Musiikkitieto 2\/1935<\/li>\n<\/ul>\n\n\n\n<p>St\u00e5hlberg, Ester<\/p>\n\n\n\n<ul class=\"wp-block-list\">\n<li>Hos Erkki Melartin : En intervju med den namnkunnige finl\u00e4ndske komposit\u00f6ren i hans &#8220;musikaliska smedja&#8221;. &#8211; Julkaisussa: Dagens Nyheter, 1930 S\u00f6nderbilaga 8.iV<\/li>\n<\/ul>\n\n\n\n<p>Tuominen, Seppo<\/p>\n\n\n\n<ul class=\"wp-block-list\">\n<li>Erkki Melartinin kuudes sinfonia. &#8211; Musiikkiitieteen pro gradu -tutkielma. Helsingin yliopisto 1976.<\/li>\n<\/ul>\n\n\n\n<p>Ylivuori, Sakari<\/p>\n\n\n\n<ul class=\"wp-block-list\">\n<li>Geneettinen n\u00e4k\u00f6kulma <em>Fantasia apocaliptican kokonaismuotoon <\/em>&#8211; Julkaisussa: Musiikki 1\/2015<\/li>\n\n\n\n<li>Voima, \u00e4\u00e4riviivat ja sinfoninen ykseys &#8211; Melartinin viides sinfonia, &#8220;Sinfonia Brevis&#8221; op. 90 &#8211; Julkaisussa: Musiikki 1\/2015<\/li>\n<\/ul>\n","protected":false},"excerpt":{"rendered":"<p>Seuraavaan bibliografiaan on koottu julkaistut monografiat ja artikkelit,&nbsp; joissa Erkki Melartin on p\u00e4\u00e4kohteena tai kirjoittajana. Bibliografia on j\u00e4rjestetty kirjoittajan mukaan.[&#8230;]<\/p>\n","protected":false},"author":1,"featured_media":0,"parent":13,"menu_order":0,"comment_status":"closed","ping_status":"closed","template":"","meta":{"footnotes":""},"class_list":["post-27","page","type-page","status-publish","hentry"],"_links":{"self":[{"href":"https:\/\/erkkimelartin.fi\/em\/index.php?rest_route=\/wp\/v2\/pages\/27","targetHints":{"allow":["GET"]}}],"collection":[{"href":"https:\/\/erkkimelartin.fi\/em\/index.php?rest_route=\/wp\/v2\/pages"}],"about":[{"href":"https:\/\/erkkimelartin.fi\/em\/index.php?rest_route=\/wp\/v2\/types\/page"}],"author":[{"embeddable":true,"href":"https:\/\/erkkimelartin.fi\/em\/index.php?rest_route=\/wp\/v2\/users\/1"}],"replies":[{"embeddable":true,"href":"https:\/\/erkkimelartin.fi\/em\/index.php?rest_route=%2Fwp%2Fv2%2Fcomments&post=27"}],"version-history":[{"count":17,"href":"https:\/\/erkkimelartin.fi\/em\/index.php?rest_route=\/wp\/v2\/pages\/27\/revisions"}],"predecessor-version":[{"id":1413,"href":"https:\/\/erkkimelartin.fi\/em\/index.php?rest_route=\/wp\/v2\/pages\/27\/revisions\/1413"}],"up":[{"embeddable":true,"href":"https:\/\/erkkimelartin.fi\/em\/index.php?rest_route=\/wp\/v2\/pages\/13"}],"wp:attachment":[{"href":"https:\/\/erkkimelartin.fi\/em\/index.php?rest_route=%2Fwp%2Fv2%2Fmedia&parent=27"}],"curies":[{"name":"wp","href":"https:\/\/api.w.org\/{rel}","templated":true}]}}