{"id":31,"date":"2017-02-10T17:30:16","date_gmt":"2017-02-10T17:30:16","guid":{"rendered":"https:\/\/erkkimelartin.fi\/em\/?page_id=31"},"modified":"2018-11-16T14:28:34","modified_gmt":"2018-11-16T14:28:34","slug":"ix-linkkeja","status":"publish","type":"page","link":"https:\/\/erkkimelartin.fi\/em\/?page_id=31","title":{"rendered":"Linkkej\u00e4 &#8211; Links"},"content":{"rendered":"<p>Linkkej\u00e4 sivuston ulkopuolisiin Melartin-l\u00e4hteisiin.<\/p>\n<p><a href=\"https:\/\/fi.wikipedia.org\/wiki\/Erkki_Melartin\">Wikipedian p\u00e4\u00e4artikkeli<\/a><\/p>\n<p><a href=\"https:\/\/twitter.com\/search?vertical=default&amp;q=Erkki%20Melartin&amp;src=tyah\">Melartin-aiheisia kirjoituksia ja kuvia Twitteriss\u00e4<\/a><\/p>\n<p>&nbsp;<\/p>\n","protected":false},"excerpt":{"rendered":"<p>Linkkej\u00e4 sivuston ulkopuolisiin Melartin-l\u00e4hteisiin. Wikipedian p\u00e4\u00e4artikkeli Melartin-aiheisia kirjoituksia ja kuvia Twitteriss\u00e4 &nbsp;<\/p>\n","protected":false},"author":1,"featured_media":0,"parent":13,"menu_order":0,"comment_status":"closed","ping_status":"closed","template":"","meta":{"footnotes":""},"class_list":["post-31","page","type-page","status-publish","hentry"],"_links":{"self":[{"href":"https:\/\/erkkimelartin.fi\/em\/index.php?rest_route=\/wp\/v2\/pages\/31","targetHints":{"allow":["GET"]}}],"collection":[{"href":"https:\/\/erkkimelartin.fi\/em\/index.php?rest_route=\/wp\/v2\/pages"}],"about":[{"href":"https:\/\/erkkimelartin.fi\/em\/index.php?rest_route=\/wp\/v2\/types\/page"}],"author":[{"embeddable":true,"href":"https:\/\/erkkimelartin.fi\/em\/index.php?rest_route=\/wp\/v2\/users\/1"}],"replies":[{"embeddable":true,"href":"https:\/\/erkkimelartin.fi\/em\/index.php?rest_route=%2Fwp%2Fv2%2Fcomments&post=31"}],"version-history":[{"count":6,"href":"https:\/\/erkkimelartin.fi\/em\/index.php?rest_route=\/wp\/v2\/pages\/31\/revisions"}],"predecessor-version":[{"id":515,"href":"https:\/\/erkkimelartin.fi\/em\/index.php?rest_route=\/wp\/v2\/pages\/31\/revisions\/515"}],"up":[{"embeddable":true,"href":"https:\/\/erkkimelartin.fi\/em\/index.php?rest_route=\/wp\/v2\/pages\/13"}],"wp:attachment":[{"href":"https:\/\/erkkimelartin.fi\/em\/index.php?rest_route=%2Fwp%2Fv2%2Fmedia&parent=31"}],"curies":[{"name":"wp","href":"https:\/\/api.w.org\/{rel}","templated":true}]}}