{"id":62,"date":"2017-02-10T20:36:50","date_gmt":"2017-02-10T20:36:50","guid":{"rendered":"https:\/\/erkkimelartin.fi\/em\/?page_id=62"},"modified":"2025-06-21T19:07:42","modified_gmt":"2025-06-21T19:07:42","slug":"liity-jaseneksi","status":"publish","type":"page","link":"https:\/\/erkkimelartin.fi\/em\/?page_id=62","title":{"rendered":"Liity j\u00e4seneksi &#8211; Join the society"},"content":{"rendered":"<div class=\"wp-block-image\">\n<figure class=\"alignleft\"><img loading=\"lazy\" decoding=\"async\" width=\"186\" height=\"300\" src=\"https:\/\/erkkimelartin.fi\/em\/wp-content\/uploads\/2020\/07\/MelartinLogo_Pysty-186x300.jpg\" alt=\"\" class=\"wp-image-641\" srcset=\"https:\/\/erkkimelartin.fi\/em\/wp-content\/uploads\/2020\/07\/MelartinLogo_Pysty-186x300.jpg 186w, https:\/\/erkkimelartin.fi\/em\/wp-content\/uploads\/2020\/07\/MelartinLogo_Pysty.jpg 538w\" sizes=\"auto, (max-width: 186px) 100vw, 186px\" \/><\/figure>\n<\/div>\n\n\n<p><\/p>\n\n\n\n<p><big>Seuran j\u00e4seniksi ovat tervetulleita kaikki s\u00e4velt\u00e4j\u00e4 Erkki Melartinin musiikista ja el\u00e4m\u00e4nty\u00f6st\u00e4 kiinnostuneet.<\/big><\/p>\n\n\n\n<p><big>J\u00e4senmaksu on vuonna 2025 yksityishenkil\u00f6ilt\u00e4 20 euroa, yhteis\u00f6ilt\u00e4 ja tukij\u00e4senilt\u00e4 40 euroa. <\/big><\/p>\n\n\n\n<p><big>Seuraan voi liitty\u00e4 l\u00e4hett\u00e4m\u00e4ll\u00e4 yhdistyksen hallitukselle hakemuksen yhteystietoineen (s\u00e4hk\u00f6postilla <a href=\"mailto:heikki.poroila@gmail.com\">heikki.poroila@gmail.com<\/a> ) tai maksamalla j\u00e4senmaksu yhdistyksen tilille ja antamalla samalla yhteystiedot. <\/big><\/p>\n\n\n\n<p><big>Jos liittyminen tapahtuu maksamalla j\u00e4senmaksu yhdistyksen tilille <strong>Helsingin OP FI79 578055 2001 6894<\/strong>, tiedonanto-osassa t\u00e4ytyy olla uuden j\u00e4senen nimi, postiosoite, s\u00e4hk\u00f6postiosoite ja maksun aihe eli j\u00e4senmaksu ja vuosi.<\/big><\/p>\n\n\n\n<p><big>Seuran j\u00e4senet saavat vuodessa ainakin kaksi j\u00e4senkirjett\u00e4, j\u00e4sentarjouksia sek\u00e4 maksuttomia Melartin-aiheisia tapahtumia ja konsertteja.<\/big><\/p>\n","protected":false},"excerpt":{"rendered":"<p>Seuran j\u00e4seniksi ovat tervetulleita kaikki s\u00e4velt\u00e4j\u00e4 Erkki Melartinin musiikista ja el\u00e4m\u00e4nty\u00f6st\u00e4 kiinnostuneet. J\u00e4senmaksu on vuonna 2025 yksityishenkil\u00f6ilt\u00e4 20 euroa, yhteis\u00f6ilt\u00e4[&#8230;]<\/p>\n","protected":false},"author":1,"featured_media":0,"parent":15,"menu_order":0,"comment_status":"closed","ping_status":"closed","template":"","meta":{"footnotes":""},"class_list":["post-62","page","type-page","status-publish","hentry"],"_links":{"self":[{"href":"https:\/\/erkkimelartin.fi\/em\/index.php?rest_route=\/wp\/v2\/pages\/62","targetHints":{"allow":["GET"]}}],"collection":[{"href":"https:\/\/erkkimelartin.fi\/em\/index.php?rest_route=\/wp\/v2\/pages"}],"about":[{"href":"https:\/\/erkkimelartin.fi\/em\/index.php?rest_route=\/wp\/v2\/types\/page"}],"author":[{"embeddable":true,"href":"https:\/\/erkkimelartin.fi\/em\/index.php?rest_route=\/wp\/v2\/users\/1"}],"replies":[{"embeddable":true,"href":"https:\/\/erkkimelartin.fi\/em\/index.php?rest_route=%2Fwp%2Fv2%2Fcomments&post=62"}],"version-history":[{"count":11,"href":"https:\/\/erkkimelartin.fi\/em\/index.php?rest_route=\/wp\/v2\/pages\/62\/revisions"}],"predecessor-version":[{"id":1475,"href":"https:\/\/erkkimelartin.fi\/em\/index.php?rest_route=\/wp\/v2\/pages\/62\/revisions\/1475"}],"up":[{"embeddable":true,"href":"https:\/\/erkkimelartin.fi\/em\/index.php?rest_route=\/wp\/v2\/pages\/15"}],"wp:attachment":[{"href":"https:\/\/erkkimelartin.fi\/em\/index.php?rest_route=%2Fwp%2Fv2%2Fmedia&parent=62"}],"curies":[{"name":"wp","href":"https:\/\/api.w.org\/{rel}","templated":true}]}}